{"id":11,"date":"2023-03-03T15:00:53","date_gmt":"2023-03-03T14:00:53","guid":{"rendered":"https:\/\/fredartwork.com\/digital\/?page_id=11"},"modified":"2025-03-04T19:26:46","modified_gmt":"2025-03-04T18:26:46","slug":"home","status":"publish","type":"page","link":"https:\/\/fredartwork.com\/digital\/","title":{"rendered":"Artiste digital"},"content":{"rendered":"<p>[et_pb_section fb_built=\u00a0\u00bb1&Prime; _builder_version=\u00a0\u00bb4.18.0&Prime; _module_preset=\u00a0\u00bbdefault\u00a0\u00bb custom_margin=\u00a0\u00bb0px||50px||false|false\u00a0\u00bb custom_padding=\u00a0\u00bb0px||0px||true|false\u00a0\u00bb global_colors_info=\u00a0\u00bb{}\u00a0\u00bb][et_pb_row _builder_version=\u00a0\u00bb4.18.0&Prime; _module_preset=\u00a0\u00bbdefault\u00a0\u00bb max_width=\u00a0\u00bb780px\u00a0\u00bb module_alignment=\u00a0\u00bbcenter\u00a0\u00bb custom_margin=\u00a0\u00bb||||false|false\u00a0\u00bb custom_padding=\u00a0\u00bb||||false|false\u00a0\u00bb animation_style=\u00a0\u00bbfade\u00a0\u00bb animation_direction=\u00a0\u00bbbottom\u00a0\u00bb global_colors_info=\u00a0\u00bb{}\u00a0\u00bb][et_pb_column type=\u00a0\u00bb4_4&Prime; _builder_version=\u00a0\u00bb4.18.0&Prime; _module_preset=\u00a0\u00bbdefault\u00a0\u00bb global_colors_info=\u00a0\u00bb{}\u00a0\u00bb][et_pb_text _builder_version=\u00a0\u00bb4.18.0&Prime; _module_preset=\u00a0\u00bbdefault\u00a0\u00bb text_font=\u00a0\u00bbRoboto Condensed||||||||\u00a0\u00bb text_font_size=\u00a0\u00bb16px\u00a0\u00bb text_line_height=\u00a0\u00bb1.6em\u00a0\u00bb text_orientation=\u00a0\u00bbcenter\u00a0\u00bb custom_margin=\u00a0\u00bb||||false|false\u00a0\u00bb custom_padding=\u00a0\u00bb||||false|false\u00a0\u00bb hover_enabled=\u00a0\u00bb0&Prime; text_letter_spacing_tablet=\u00a0\u00bb15px\u00a0\u00bb text_letter_spacing_phone=\u00a0\u00bb6px\u00a0\u00bb text_letter_spacing_last_edited=\u00a0\u00bboff|desktop\u00a0\u00bb global_colors_info=\u00a0\u00bb{}\u00a0\u00bb sticky_enabled=\u00a0\u00bb0&Prime;]<\/p>\n<p style=\"text-align: center;\">Fred Artwork est un artiste digital contemporain qui vit et travaille \u00e0 Aups en Provence dans le Sud de la France. Il pratique une peinture abstraite tr\u00e8s organique convoquant des mati\u00e8res v\u00e9g\u00e9tales, min\u00e9rales et textiles tout en usant des derni\u00e8res technologies visuelles pour ses mises en sc\u00e8ne.<\/p>\n<p>[\/et_pb_text][\/et_pb_column][\/et_pb_row][et_pb_row _builder_version=\u00a0\u00bb4.18.0&Prime; _module_preset=\u00a0\u00bbdefault\u00a0\u00bb width=\u00a0\u00bb100%\u00a0\u00bb max_width=\u00a0\u00bb100%\u00a0\u00bb module_alignment=\u00a0\u00bbcenter\u00a0\u00bb custom_margin=\u00a0\u00bb0px||0px||true|false\u00a0\u00bb custom_padding=\u00a0\u00bb0px||0px||true|false\u00a0\u00bb global_colors_info=\u00a0\u00bb{}\u00a0\u00bb][et_pb_column type=\u00a0\u00bb4_4&Prime; _builder_version=\u00a0\u00bb4.18.0&Prime; _module_preset=\u00a0\u00bbdefault\u00a0\u00bb global_colors_info=\u00a0\u00bb{}\u00a0\u00bb][et_pb_slider show_pagination=\u00a0\u00bboff\u00a0\u00bb use_bg_overlay=\u00a0\u00bboff\u00a0\u00bb arrows_custom_color=\u00a0\u00bb#afafaf\u00a0\u00bb arrows_custom_color_tablet=\u00a0\u00bb#afafaf\u00a0\u00bb arrows_custom_color_phone=\u00a0\u00bb#afafaf\u00a0\u00bb arrows_custom_color_last_edited=\u00a0\u00bbon|desktop\u00a0\u00bb _builder_version=\u00a0\u00bb4.18.0&Prime; _module_preset=\u00a0\u00bbdefault\u00a0\u00bb body_font=\u00a0\u00bbNoto Sans||||||||\u00a0\u00bb body_font_size=\u00a0\u00bb18px\u00a0\u00bb body_letter_spacing=\u00a0\u00bb2px\u00a0\u00bb background_color=\u00a0\u00bb#FFFFFF\u00a0\u00bb custom_button=\u00a0\u00bbon\u00a0\u00bb button_text_size=\u00a0\u00bb16px\u00a0\u00bb button_text_color=\u00a0\u00bb#FFFFFF\u00a0\u00bb button_bg_color=\u00a0\u00bb#000000&Prime; button_border_width=\u00a0\u00bb1px\u00a0\u00bb button_border_color=\u00a0\u00bb#000000&Prime; button_border_radius=\u00a0\u00bb5px\u00a0\u00bb button_font=\u00a0\u00bbRoboto|||||on|||\u00a0\u00bb button_use_icon=\u00a0\u00bboff\u00a0\u00bb button_alignment=\u00a0\u00bbcenter\u00a0\u00bb custom_margin=\u00a0\u00bb0px|0px|0px|0px|true|true\u00a0\u00bb custom_padding=\u00a0\u00bb0px||0px||true|false\u00a0\u00bb animation_style=\u00a0\u00bbfade\u00a0\u00bb animation_direction=\u00a0\u00bbtop\u00a0\u00bb animation_duration=\u00a0\u00bb1300ms\u00a0\u00bb auto=\u00a0\u00bbon\u00a0\u00bb auto_speed=\u00a0\u00bb9000&Prime; hover_transition_duration=\u00a0\u00bb0ms\u00a0\u00bb global_colors_info=\u00a0\u00bb{}\u00a0\u00bb][et_pb_slide button_text=\u00a0\u00bbd\u00e9couvrir\u00a0\u00bb button_link=\u00a0\u00bb@ET-DC@eyJkeW5hbWljIjp0cnVlLCJjb250ZW50IjoicG9zdF9saW5rX3VybF9wYWdlIiwic2V0dGluZ3MiOnsicG9zdF9pZCI6IjEwMyJ9fQ==@\u00a0\u00bb arrows_custom_color_tablet=\u00a0\u00bb\u00a0\u00bb arrows_custom_color_phone=\u00a0\u00bbRGBA(255,255,255,0)\u00a0\u00bb arrows_custom_color_last_edited=\u00a0\u00bbon|phone\u00a0\u00bb _builder_version=\u00a0\u00bb4.18.0&Prime; _dynamic_attributes=\u00a0\u00bbbutton_link\u00a0\u00bb _module_preset=\u00a0\u00bbdefault\u00a0\u00bb body_font=\u00a0\u00bb|||||on|||\u00a0\u00bb custom_button=\u00a0\u00bbon\u00a0\u00bb button_text_size=\u00a0\u00bb16px\u00a0\u00bb button_text_color=\u00a0\u00bb#FFFFFF\u00a0\u00bb button_bg_color=\u00a0\u00bb#000000&Prime; button_border_width=\u00a0\u00bb1px\u00a0\u00bb button_border_color=\u00a0\u00bb#000000&Prime; button_border_radius=\u00a0\u00bb5px\u00a0\u00bb button_font=\u00a0\u00bb|||||on|||\u00a0\u00bb button_alignment=\u00a0\u00bbcenter\u00a0\u00bb background_layout=\u00a0\u00bblight\u00a0\u00bb global_colors_info=\u00a0\u00bb{}\u00a0\u00bb sticky_transition=\u00a0\u00bbon\u00a0\u00bb]<\/p>\n<p style=\"text-align: center;\"><img loading=\"lazy\" decoding=\"async\" class=\"aligncenter wp-image-829 size-full\" src=\"https:\/\/fredartwork.com\/digital\/wp-content\/uploads\/2023\/03\/Fred-Grossi-C1-02-Adolescence.jpg\" alt=\"\" width=\"1728\" height=\"864\" srcset=\"https:\/\/fredartwork.com\/digital\/wp-content\/uploads\/2023\/03\/Fred-Grossi-C1-02-Adolescence.jpg 1728w, https:\/\/fredartwork.com\/digital\/wp-content\/uploads\/2023\/03\/Fred-Grossi-C1-02-Adolescence-1280x640.jpg 1280w, https:\/\/fredartwork.com\/digital\/wp-content\/uploads\/2023\/03\/Fred-Grossi-C1-02-Adolescence-980x490.jpg 980w, https:\/\/fredartwork.com\/digital\/wp-content\/uploads\/2023\/03\/Fred-Grossi-C1-02-Adolescence-480x240.jpg 480w\" sizes=\"auto, (min-width: 0px) and (max-width: 480px) 480px, (min-width: 481px) and (max-width: 980px) 980px, (min-width: 981px) and (max-width: 1280px) 1280px, (min-width: 1281px) 1728px, 100vw\" \/><\/p>\n<p style=\"text-align: center;\">collection 01<\/p>\n<p>[\/et_pb_slide][et_pb_slide button_text=\u00a0\u00bbd\u00e9couvrir\u00a0\u00bb button_link=\u00a0\u00bb@ET-DC@eyJkeW5hbWljIjp0cnVlLCJjb250ZW50IjoicG9zdF9saW5rX3VybF9wYWdlIiwic2V0dGluZ3MiOnsicG9zdF9pZCI6IjIzNSJ9fQ==@\u00a0\u00bb arrows_custom_color_tablet=\u00a0\u00bb\u00a0\u00bb arrows_custom_color_phone=\u00a0\u00bbRGBA(255,255,255,0)\u00a0\u00bb arrows_custom_color_last_edited=\u00a0\u00bbon|phone\u00a0\u00bb _builder_version=\u00a0\u00bb4.18.0&Prime; _dynamic_attributes=\u00a0\u00bbbutton_link\u00a0\u00bb _module_preset=\u00a0\u00bbdefault\u00a0\u00bb body_font=\u00a0\u00bb|||||on|||\u00a0\u00bb background_layout=\u00a0\u00bblight\u00a0\u00bb global_colors_info=\u00a0\u00bb{}\u00a0\u00bb sticky_transition=\u00a0\u00bbon\u00a0\u00bb]<\/p>\n<p style=\"text-align: center;\"><img loading=\"lazy\" decoding=\"async\" class=\"aligncenter wp-image-844 size-full\" src=\"https:\/\/fredartwork.com\/digital\/wp-content\/uploads\/2023\/03\/Fred-Grossi-C3-01-Le-casting.jpg\" alt=\"\" width=\"1728\" height=\"864\" srcset=\"https:\/\/fredartwork.com\/digital\/wp-content\/uploads\/2023\/03\/Fred-Grossi-C3-01-Le-casting.jpg 1728w, https:\/\/fredartwork.com\/digital\/wp-content\/uploads\/2023\/03\/Fred-Grossi-C3-01-Le-casting-1280x640.jpg 1280w, https:\/\/fredartwork.com\/digital\/wp-content\/uploads\/2023\/03\/Fred-Grossi-C3-01-Le-casting-980x490.jpg 980w, https:\/\/fredartwork.com\/digital\/wp-content\/uploads\/2023\/03\/Fred-Grossi-C3-01-Le-casting-480x240.jpg 480w\" sizes=\"auto, (min-width: 0px) and (max-width: 480px) 480px, (min-width: 481px) and (max-width: 980px) 980px, (min-width: 981px) and (max-width: 1280px) 1280px, (min-width: 1281px) 1728px, 100vw\" \/><\/p>\n<p style=\"text-align: center;\">collection 02<\/p>\n<p>[\/et_pb_slide][et_pb_slide button_text=\u00a0\u00bbd\u00e9couvrir\u00a0\u00bb button_link=\u00a0\u00bb@ET-DC@eyJkeW5hbWljIjp0cnVlLCJjb250ZW50IjoicG9zdF9saW5rX3VybF9wYWdlIiwic2V0dGluZ3MiOnsicG9zdF9pZCI6IjI2NyJ9fQ==@\u00a0\u00bb arrows_custom_color_tablet=\u00a0\u00bb\u00a0\u00bb arrows_custom_color_phone=\u00a0\u00bbRGBA(255,255,255,0)\u00a0\u00bb arrows_custom_color_last_edited=\u00a0\u00bbon|phone\u00a0\u00bb _builder_version=\u00a0\u00bb4.18.0&Prime; _dynamic_attributes=\u00a0\u00bbbutton_link\u00a0\u00bb _module_preset=\u00a0\u00bbdefault\u00a0\u00bb body_font=\u00a0\u00bb|||||on|||\u00a0\u00bb custom_button=\u00a0\u00bbon\u00a0\u00bb button_text_size=\u00a0\u00bb16px\u00a0\u00bb button_text_color=\u00a0\u00bb#FFFFFF\u00a0\u00bb button_bg_color=\u00a0\u00bb#000000&Prime; button_border_width=\u00a0\u00bb1px\u00a0\u00bb button_border_color=\u00a0\u00bb#000000&Prime; button_border_radius=\u00a0\u00bb5px\u00a0\u00bb button_font=\u00a0\u00bb|||||on|||\u00a0\u00bb button_alignment=\u00a0\u00bbcenter\u00a0\u00bb background_layout=\u00a0\u00bblight\u00a0\u00bb global_colors_info=\u00a0\u00bb{}\u00a0\u00bb sticky_transition=\u00a0\u00bbon\u00a0\u00bb]<\/p>\n<p style=\"text-align: center;\"><img loading=\"lazy\" decoding=\"async\" class=\"aligncenter wp-image-865 size-full\" src=\"https:\/\/fredartwork.com\/digital\/wp-content\/uploads\/2023\/03\/Fred-Grossi-C2-Le-Jugement-Dernier.jpg\" alt=\"\" width=\"1728\" height=\"864\" srcset=\"https:\/\/fredartwork.com\/digital\/wp-content\/uploads\/2023\/03\/Fred-Grossi-C2-Le-Jugement-Dernier.jpg 1728w, https:\/\/fredartwork.com\/digital\/wp-content\/uploads\/2023\/03\/Fred-Grossi-C2-Le-Jugement-Dernier-1280x640.jpg 1280w, https:\/\/fredartwork.com\/digital\/wp-content\/uploads\/2023\/03\/Fred-Grossi-C2-Le-Jugement-Dernier-980x490.jpg 980w, https:\/\/fredartwork.com\/digital\/wp-content\/uploads\/2023\/03\/Fred-Grossi-C2-Le-Jugement-Dernier-480x240.jpg 480w\" sizes=\"auto, (min-width: 0px) and (max-width: 480px) 480px, (min-width: 481px) and (max-width: 980px) 980px, (min-width: 981px) and (max-width: 1280px) 1280px, (min-width: 1281px) 1728px, 100vw\" \/><\/p>\n<p style=\"text-align: center;\">collection 03<\/p>\n<p>[\/et_pb_slide][et_pb_slide button_text=\u00a0\u00bbd\u00e9couvrir\u00a0\u00bb button_link=\u00a0\u00bb@ET-DC@eyJkeW5hbWljIjp0cnVlLCJjb250ZW50IjoicG9zdF9saW5rX3VybF9wYWdlIiwic2V0dGluZ3MiOnsicG9zdF9pZCI6IjkzMSJ9fQ==@\u00a0\u00bb arrows_custom_color_tablet=\u00a0\u00bb\u00a0\u00bb arrows_custom_color_phone=\u00a0\u00bbRGBA(255,255,255,0)\u00a0\u00bb arrows_custom_color_last_edited=\u00a0\u00bbon|phone\u00a0\u00bb _builder_version=\u00a0\u00bb4.18.0&Prime; _dynamic_attributes=\u00a0\u00bbbutton_link\u00a0\u00bb _module_preset=\u00a0\u00bbdefault\u00a0\u00bb body_font=\u00a0\u00bb|||||on|||\u00a0\u00bb background_layout=\u00a0\u00bblight\u00a0\u00bb global_colors_info=\u00a0\u00bb{}\u00a0\u00bb sticky_transition=\u00a0\u00bbon\u00a0\u00bb]<\/p>\n<p style=\"text-align: center;\"><img loading=\"lazy\" decoding=\"async\" class=\"aligncenter wp-image-807 size-full\" src=\"https:\/\/fredartwork.com\/digital\/wp-content\/uploads\/2023\/03\/Fred-Grossi-C5-Ambition.jpg\" alt=\"\" width=\"1728\" height=\"864\" srcset=\"https:\/\/fredartwork.com\/digital\/wp-content\/uploads\/2023\/03\/Fred-Grossi-C5-Ambition.jpg 1728w, https:\/\/fredartwork.com\/digital\/wp-content\/uploads\/2023\/03\/Fred-Grossi-C5-Ambition-1280x640.jpg 1280w, https:\/\/fredartwork.com\/digital\/wp-content\/uploads\/2023\/03\/Fred-Grossi-C5-Ambition-980x490.jpg 980w, https:\/\/fredartwork.com\/digital\/wp-content\/uploads\/2023\/03\/Fred-Grossi-C5-Ambition-480x240.jpg 480w\" sizes=\"auto, (min-width: 0px) and (max-width: 480px) 480px, (min-width: 481px) and (max-width: 980px) 980px, (min-width: 981px) and (max-width: 1280px) 1280px, (min-width: 1281px) 1728px, 100vw\" \/><\/p>\n<p style=\"text-align: center;\">collection 04<\/p>\n<p>[\/et_pb_slide][et_pb_slide button_text=\u00a0\u00bbd\u00e9couvrir\u00a0\u00bb button_link=\u00a0\u00bb@ET-DC@eyJkeW5hbWljIjp0cnVlLCJjb250ZW50IjoicG9zdF9saW5rX3VybF9wYWdlIiwic2V0dGluZ3MiOnsicG9zdF9pZCI6IjExNDQifX0=@\u00a0\u00bb arrows_custom_color_tablet=\u00a0\u00bb\u00a0\u00bb arrows_custom_color_phone=\u00a0\u00bbRGBA(255,255,255,0)\u00a0\u00bb arrows_custom_color_last_edited=\u00a0\u00bbon|phone\u00a0\u00bb _builder_version=\u00a0\u00bb4.18.0&Prime; _dynamic_attributes=\u00a0\u00bbbutton_link\u00a0\u00bb _module_preset=\u00a0\u00bbdefault\u00a0\u00bb body_font=\u00a0\u00bb|||||on|||\u00a0\u00bb background_layout=\u00a0\u00bblight\u00a0\u00bb global_colors_info=\u00a0\u00bb{}\u00a0\u00bb sticky_transition=\u00a0\u00bbon\u00a0\u00bb]<\/p>\n<p style=\"text-align: center;\"><img loading=\"lazy\" decoding=\"async\" class=\"wp-image-1383 size-full aligncenter\" src=\"https:\/\/fredartwork.com\/digital\/wp-content\/uploads\/2024\/11\/Fred-Grossi-C7-le-cheval-de-guerre.jpg\" alt=\"\" width=\"1728\" height=\"864\" srcset=\"https:\/\/fredartwork.com\/digital\/wp-content\/uploads\/2024\/11\/Fred-Grossi-C7-le-cheval-de-guerre.jpg 1728w, https:\/\/fredartwork.com\/digital\/wp-content\/uploads\/2024\/11\/Fred-Grossi-C7-le-cheval-de-guerre-1280x640.jpg 1280w, https:\/\/fredartwork.com\/digital\/wp-content\/uploads\/2024\/11\/Fred-Grossi-C7-le-cheval-de-guerre-980x490.jpg 980w, https:\/\/fredartwork.com\/digital\/wp-content\/uploads\/2024\/11\/Fred-Grossi-C7-le-cheval-de-guerre-480x240.jpg 480w\" sizes=\"auto, (min-width: 0px) and (max-width: 480px) 480px, (min-width: 481px) and (max-width: 980px) 980px, (min-width: 981px) and (max-width: 1280px) 1280px, (min-width: 1281px) 1728px, 100vw\" \/><\/p>\n<p style=\"text-align: center;\">collection 05<\/p>\n<p>[\/et_pb_slide][\/et_pb_slider][\/et_pb_column][\/et_pb_row][\/et_pb_section]<\/p>\n","protected":false},"excerpt":{"rendered":"<p>Fred Artwork est un artiste digital contemporain qui vit et travaille \u00e0 Aups en Provence dans le Sud de la France. Il pratique une peinture abstraite tr\u00e8s organique convoquant des mati\u00e8res v\u00e9g\u00e9tales, min\u00e9rales et textiles tout en usant des derni\u00e8res technologies visuelles pour ses mises en sc\u00e8ne. collection 01 collection 02 collection 03 collection 04 [&hellip;]<\/p>\n","protected":false},"author":1,"featured_media":817,"parent":0,"menu_order":0,"comment_status":"closed","ping_status":"closed","template":"","meta":{"_et_pb_use_builder":"on","_et_pb_old_content":"","_et_gb_content_width":"","footnotes":""},"class_list":["post-11","page","type-page","status-publish","has-post-thumbnail","hentry"],"yoast_head":"<title>Artiste digital - Fred Artwork<\/title>\n<meta name=\"description\" content=\"Fred Artwork est un artiste peintre digital contemporain qui vit et travaille \u00e0 Aups en Provence dans le Sud de la France.\" \/>\n<meta name=\"robots\" content=\"index, follow, max-snippet:-1, max-image-preview:large, max-video-preview:-1\" \/>\n<link rel=\"canonical\" href=\"https:\/\/fredartwork.com\/digital\/\" \/>\n<meta property=\"og:locale\" content=\"fr_FR\" \/>\n<meta property=\"og:type\" content=\"article\" \/>\n<meta property=\"og:title\" content=\"Artiste digital - Fred Artwork\" \/>\n<meta property=\"og:description\" content=\"Fred Artwork est un artiste peintre digital contemporain qui vit et travaille \u00e0 Aups en Provence dans le Sud de la France.\" \/>\n<meta property=\"og:url\" content=\"https:\/\/fredartwork.com\/digital\/\" \/>\n<meta property=\"og:site_name\" content=\"Fred Artwork\" \/>\n<meta property=\"article:modified_time\" content=\"2025-03-04T18:26:46+00:00\" \/>\n<meta property=\"og:image\" content=\"https:\/\/fredartwork.com\/digital\/wp-content\/uploads\/2023\/03\/Fred-Grossi-La-passion.jpg\" \/>\n\t<meta property=\"og:image:width\" content=\"1024\" \/>\n\t<meta property=\"og:image:height\" content=\"1024\" \/>\n\t<meta property=\"og:image:type\" content=\"image\/jpeg\" \/>\n<meta name=\"twitter:card\" content=\"summary_large_image\" \/>\n<meta name=\"twitter:label1\" content=\"Dur\u00e9e de lecture estim\u00e9e\" \/>\n\t<meta name=\"twitter:data1\" content=\"2 minutes\" \/>\n<script type=\"application\/ld+json\" class=\"yoast-schema-graph\">{\"@context\":\"https:\\\/\\\/schema.org\",\"@graph\":[{\"@type\":\"WebPage\",\"@id\":\"https:\\\/\\\/fredartwork.com\\\/digital\\\/\",\"url\":\"https:\\\/\\\/fredartwork.com\\\/digital\\\/\",\"name\":\"Artiste digital - Fred Artwork\",\"isPartOf\":{\"@id\":\"https:\\\/\\\/fredartwork.com\\\/digital\\\/#website\"},\"primaryImageOfPage\":{\"@id\":\"https:\\\/\\\/fredartwork.com\\\/digital\\\/#primaryimage\"},\"image\":{\"@id\":\"https:\\\/\\\/fredartwork.com\\\/digital\\\/#primaryimage\"},\"thumbnailUrl\":\"https:\\\/\\\/fredartwork.com\\\/digital\\\/wp-content\\\/uploads\\\/2023\\\/03\\\/Fred-Grossi-La-passion.jpg\",\"datePublished\":\"2023-03-03T14:00:53+00:00\",\"dateModified\":\"2025-03-04T18:26:46+00:00\",\"description\":\"Fred Artwork est un artiste peintre digital contemporain qui vit et travaille \u00e0 Aups en Provence dans le Sud de la France.\",\"breadcrumb\":{\"@id\":\"https:\\\/\\\/fredartwork.com\\\/digital\\\/#breadcrumb\"},\"inLanguage\":\"fr-FR\",\"potentialAction\":[{\"@type\":\"ReadAction\",\"target\":[\"https:\\\/\\\/fredartwork.com\\\/digital\\\/\"]}]},{\"@type\":\"ImageObject\",\"inLanguage\":\"fr-FR\",\"@id\":\"https:\\\/\\\/fredartwork.com\\\/digital\\\/#primaryimage\",\"url\":\"https:\\\/\\\/fredartwork.com\\\/digital\\\/wp-content\\\/uploads\\\/2023\\\/03\\\/Fred-Grossi-La-passion.jpg\",\"contentUrl\":\"https:\\\/\\\/fredartwork.com\\\/digital\\\/wp-content\\\/uploads\\\/2023\\\/03\\\/Fred-Grossi-La-passion.jpg\",\"width\":1024,\"height\":1024},{\"@type\":\"BreadcrumbList\",\"@id\":\"https:\\\/\\\/fredartwork.com\\\/digital\\\/#breadcrumb\",\"itemListElement\":[{\"@type\":\"ListItem\",\"position\":1,\"name\":\"Accueil\",\"item\":\"https:\\\/\\\/fredartwork.com\\\/digital\\\/\"},{\"@type\":\"ListItem\",\"position\":2,\"name\":\"Artiste digital\"}]},{\"@type\":\"WebSite\",\"@id\":\"https:\\\/\\\/fredartwork.com\\\/digital\\\/#website\",\"url\":\"https:\\\/\\\/fredartwork.com\\\/digital\\\/\",\"name\":\"Fred Grossi Artwork\",\"description\":\"Digital Art in France\",\"potentialAction\":[{\"@type\":\"SearchAction\",\"target\":{\"@type\":\"EntryPoint\",\"urlTemplate\":\"https:\\\/\\\/fredartwork.com\\\/digital\\\/?s={search_term_string}\"},\"query-input\":{\"@type\":\"PropertyValueSpecification\",\"valueRequired\":true,\"valueName\":\"search_term_string\"}}],\"inLanguage\":\"fr-FR\"}]}<\/script>","yoast_head_json":{"title":"Artiste digital - Fred Artwork","description":"Fred Artwork est un artiste peintre digital contemporain qui vit et travaille \u00e0 Aups en Provence dans le Sud de la France.","robots":{"index":"index","follow":"follow","max-snippet":"max-snippet:-1","max-image-preview":"max-image-preview:large","max-video-preview":"max-video-preview:-1"},"canonical":"https:\/\/fredartwork.com\/digital\/","og_locale":"fr_FR","og_type":"article","og_title":"Artiste digital - Fred Artwork","og_description":"Fred Artwork est un artiste peintre digital contemporain qui vit et travaille \u00e0 Aups en Provence dans le Sud de la France.","og_url":"https:\/\/fredartwork.com\/digital\/","og_site_name":"Fred Artwork","article_modified_time":"2025-03-04T18:26:46+00:00","og_image":[{"width":1024,"height":1024,"url":"https:\/\/fredartwork.com\/digital\/wp-content\/uploads\/2023\/03\/Fred-Grossi-La-passion.jpg","type":"image\/jpeg"}],"twitter_card":"summary_large_image","twitter_misc":{"Dur\u00e9e de lecture estim\u00e9e":"2 minutes"},"schema":{"@context":"https:\/\/schema.org","@graph":[{"@type":"WebPage","@id":"https:\/\/fredartwork.com\/digital\/","url":"https:\/\/fredartwork.com\/digital\/","name":"Artiste digital - Fred Artwork","isPartOf":{"@id":"https:\/\/fredartwork.com\/digital\/#website"},"primaryImageOfPage":{"@id":"https:\/\/fredartwork.com\/digital\/#primaryimage"},"image":{"@id":"https:\/\/fredartwork.com\/digital\/#primaryimage"},"thumbnailUrl":"https:\/\/fredartwork.com\/digital\/wp-content\/uploads\/2023\/03\/Fred-Grossi-La-passion.jpg","datePublished":"2023-03-03T14:00:53+00:00","dateModified":"2025-03-04T18:26:46+00:00","description":"Fred Artwork est un artiste peintre digital contemporain qui vit et travaille \u00e0 Aups en Provence dans le Sud de la France.","breadcrumb":{"@id":"https:\/\/fredartwork.com\/digital\/#breadcrumb"},"inLanguage":"fr-FR","potentialAction":[{"@type":"ReadAction","target":["https:\/\/fredartwork.com\/digital\/"]}]},{"@type":"ImageObject","inLanguage":"fr-FR","@id":"https:\/\/fredartwork.com\/digital\/#primaryimage","url":"https:\/\/fredartwork.com\/digital\/wp-content\/uploads\/2023\/03\/Fred-Grossi-La-passion.jpg","contentUrl":"https:\/\/fredartwork.com\/digital\/wp-content\/uploads\/2023\/03\/Fred-Grossi-La-passion.jpg","width":1024,"height":1024},{"@type":"BreadcrumbList","@id":"https:\/\/fredartwork.com\/digital\/#breadcrumb","itemListElement":[{"@type":"ListItem","position":1,"name":"Accueil","item":"https:\/\/fredartwork.com\/digital\/"},{"@type":"ListItem","position":2,"name":"Artiste digital"}]},{"@type":"WebSite","@id":"https:\/\/fredartwork.com\/digital\/#website","url":"https:\/\/fredartwork.com\/digital\/","name":"Fred Grossi Artwork","description":"Digital Art in France","potentialAction":[{"@type":"SearchAction","target":{"@type":"EntryPoint","urlTemplate":"https:\/\/fredartwork.com\/digital\/?s={search_term_string}"},"query-input":{"@type":"PropertyValueSpecification","valueRequired":true,"valueName":"search_term_string"}}],"inLanguage":"fr-FR"}]}},"_links":{"self":[{"href":"https:\/\/fredartwork.com\/digital\/wp-json\/wp\/v2\/pages\/11","targetHints":{"allow":["GET"]}}],"collection":[{"href":"https:\/\/fredartwork.com\/digital\/wp-json\/wp\/v2\/pages"}],"about":[{"href":"https:\/\/fredartwork.com\/digital\/wp-json\/wp\/v2\/types\/page"}],"author":[{"embeddable":true,"href":"https:\/\/fredartwork.com\/digital\/wp-json\/wp\/v2\/users\/1"}],"replies":[{"embeddable":true,"href":"https:\/\/fredartwork.com\/digital\/wp-json\/wp\/v2\/comments?post=11"}],"version-history":[{"count":109,"href":"https:\/\/fredartwork.com\/digital\/wp-json\/wp\/v2\/pages\/11\/revisions"}],"predecessor-version":[{"id":1400,"href":"https:\/\/fredartwork.com\/digital\/wp-json\/wp\/v2\/pages\/11\/revisions\/1400"}],"wp:featuredmedia":[{"embeddable":true,"href":"https:\/\/fredartwork.com\/digital\/wp-json\/wp\/v2\/media\/817"}],"wp:attachment":[{"href":"https:\/\/fredartwork.com\/digital\/wp-json\/wp\/v2\/media?parent=11"}],"curies":[{"name":"wp","href":"https:\/\/api.w.org\/{rel}","templated":true}]}}