{"id":1290,"date":"2023-04-17T15:51:18","date_gmt":"2023-04-17T13:51:18","guid":{"rendered":"https:\/\/fredartwork.com\/digital\/?page_id=1290"},"modified":"2023-04-17T16:13:41","modified_gmt":"2023-04-17T14:13:41","slug":"haut-var","status":"publish","type":"page","link":"https:\/\/fredartwork.com\/digital\/haut-var\/","title":{"rendered":"Haut-Var"},"content":{"rendered":"<p>[et_pb_section fb_built=\u00a0\u00bb1&Prime; _builder_version=\u00a0\u00bb4.18.0&Prime; _module_preset=\u00a0\u00bbdefault\u00a0\u00bb custom_margin=\u00a0\u00bb0px||50px||false|false\u00a0\u00bb custom_padding=\u00a0\u00bb0px||0px||true|false\u00a0\u00bb global_colors_info=\u00a0\u00bb{}\u00a0\u00bb][et_pb_row column_structure=\u00a0\u00bb3_5,2_5&Prime; _builder_version=\u00a0\u00bb4.18.0&Prime; _module_preset=\u00a0\u00bbdefault\u00a0\u00bb max_width=\u00a0\u00bb1400px\u00a0\u00bb module_alignment=\u00a0\u00bbcenter\u00a0\u00bb custom_margin=\u00a0\u00bb||100px||false|false\u00a0\u00bb custom_padding=\u00a0\u00bb||||false|false\u00a0\u00bb animation_style=\u00a0\u00bbfade\u00a0\u00bb global_colors_info=\u00a0\u00bb{}\u00a0\u00bb][et_pb_column type=\u00a0\u00bb3_5&Prime; _builder_version=\u00a0\u00bb4.18.0&Prime; _module_preset=\u00a0\u00bbdefault\u00a0\u00bb global_colors_info=\u00a0\u00bb{}\u00a0\u00bb][et_pb_image src=\u00a0\u00bbhttps:\/\/fredartwork.com\/digital\/wp-content\/uploads\/2023\/04\/Fred-Grossi-artiste-Haut-Var-Provence.jpg\u00a0\u00bb align=\u00a0\u00bbcenter\u00a0\u00bb _builder_version=\u00a0\u00bb4.18.0&Prime; _module_preset=\u00a0\u00bbdefault\u00a0\u00bb custom_margin=\u00a0\u00bb||||false|false\u00a0\u00bb global_colors_info=\u00a0\u00bb{}\u00a0\u00bb][\/et_pb_image][\/et_pb_column][et_pb_column type=\u00a0\u00bb2_5&Prime; _builder_version=\u00a0\u00bb4.18.0&Prime; _module_preset=\u00a0\u00bbdefault\u00a0\u00bb global_colors_info=\u00a0\u00bb{}\u00a0\u00bb][et_pb_text _builder_version=\u00a0\u00bb4.18.0&Prime; _module_preset=\u00a0\u00bbdefault\u00a0\u00bb text_font=\u00a0\u00bbRoboto Condensed||||||||\u00a0\u00bb text_font_size=\u00a0\u00bb16px\u00a0\u00bb text_letter_spacing=\u00a0\u00bb10px\u00a0\u00bb text_line_height=\u00a0\u00bb1.6em\u00a0\u00bb custom_margin=\u00a0\u00bb||20px||false|false\u00a0\u00bb custom_padding=\u00a0\u00bb||||false|false\u00a0\u00bb text_letter_spacing_tablet=\u00a0\u00bb15px\u00a0\u00bb text_letter_spacing_phone=\u00a0\u00bb6px\u00a0\u00bb text_letter_spacing_last_edited=\u00a0\u00bboff|desktop\u00a0\u00bb global_colors_info=\u00a0\u00bb{}\u00a0\u00bb]<\/p>\n<p style=\"text-align: center;\">LA REGION<\/p>\n<p>[\/et_pb_text][et_pb_text _builder_version=\u00a0\u00bb4.18.0&Prime; _module_preset=\u00a0\u00bbdefault\u00a0\u00bb text_font=\u00a0\u00bbRoboto Condensed||||||||\u00a0\u00bb text_font_size=\u00a0\u00bb16px\u00a0\u00bb text_line_height=\u00a0\u00bb1.6em\u00a0\u00bb custom_margin=\u00a0\u00bb0px||||false|false\u00a0\u00bb custom_padding=\u00a0\u00bb0px||||false|false\u00a0\u00bb text_letter_spacing_tablet=\u00a0\u00bb15px\u00a0\u00bb text_letter_spacing_phone=\u00a0\u00bb6px\u00a0\u00bb text_letter_spacing_last_edited=\u00a0\u00bboff|desktop\u00a0\u00bb global_colors_info=\u00a0\u00bb{}\u00a0\u00bb]<\/p>\n<p>Ces villes du Var en Provence sont riches en patrimoine artistique et culturel. Voici un bref aper\u00e7u de l&rsquo;histoire de l&rsquo;art de chacune de ces villes :<\/p>\n<p>Aups abrite plusieurs galeries d&rsquo;art et ateliers d&rsquo;artistes. L&rsquo;histoire de l&rsquo;art remonte \u00e0 l&rsquo;Antiquit\u00e9, avec des vestiges de l&rsquo;\u00e9poque romaine tels que la villa de la Crouzette, qui abrite des mosa\u00efques remarquables. La ville est \u00e9galement connue pour ses nombreux artistes qui se sont install\u00e9s dans la r\u00e9gion \u00e0 la fin du XIXe si\u00e8cle et au d\u00e9but du XXe si\u00e8cle, attir\u00e9s par la beaut\u00e9 de la Provence.<\/p>\n<p>Tourtour, \u00e9galement surnomm\u00e9e le \u00ab\u00a0village dans le ciel\u00a0\u00bb, a une longue histoire artistique remontant au Moyen \u00c2ge. La ville a \u00e9t\u00e9 un centre important de la production de fa\u00efence au XVIIIe si\u00e8cle, avec de nombreux ateliers de poterie. Aujourd&rsquo;hui, la ville abrite plusieurs galeries d&rsquo;art contemporain et accueille r\u00e9guli\u00e8rement des expositions d&rsquo;art.<\/p>\n<p>Salernes est surtout connue pour sa production de carreaux de c\u00e9ramique depuis le Moyen \u00c2ge. Les carreaux de Salernes ont \u00e9t\u00e9 utilis\u00e9s dans de nombreux b\u00e2timents historiques en France et en Europe. Aujourd&rsquo;hui, la ville abrite plusieurs ateliers de c\u00e9ramique, ainsi que des galeries d&rsquo;art et des mus\u00e9es consacr\u00e9s \u00e0 la c\u00e9ramique.<\/p>\n<p>R\u00e9gusse est situ\u00e9e dans une r\u00e9gion riche en sites arch\u00e9ologiques, dont certains remontent \u00e0 l&rsquo;\u00e9poque romaine. La ville abrite \u00e9galement plusieurs galeries d&rsquo;art contemporain, ainsi qu&rsquo;un festival d&rsquo;art annuel appel\u00e9 \u00ab\u00a0Les Arts dans la Rue\u00a0\u00bb, qui attire des artistes de toute la r\u00e9gion.<\/p>\n<p>[\/et_pb_text][\/et_pb_column][\/et_pb_row][et_pb_row column_structure=\u00a0\u00bb2_5,3_5&Prime; _builder_version=\u00a0\u00bb4.18.0&Prime; _module_preset=\u00a0\u00bbdefault\u00a0\u00bb max_width=\u00a0\u00bb1400px\u00a0\u00bb module_alignment=\u00a0\u00bbcenter\u00a0\u00bb custom_margin=\u00a0\u00bb||100px||false|false\u00a0\u00bb custom_padding=\u00a0\u00bb||||false|false\u00a0\u00bb animation_style=\u00a0\u00bbfade\u00a0\u00bb global_colors_info=\u00a0\u00bb{}\u00a0\u00bb][et_pb_column type=\u00a0\u00bb2_5&Prime; _builder_version=\u00a0\u00bb4.18.0&Prime; _module_preset=\u00a0\u00bbdefault\u00a0\u00bb global_colors_info=\u00a0\u00bb{}\u00a0\u00bb][et_pb_text _builder_version=\u00a0\u00bb4.18.0&Prime; _module_preset=\u00a0\u00bbdefault\u00a0\u00bb text_font=\u00a0\u00bbRoboto Condensed||||||||\u00a0\u00bb text_font_size=\u00a0\u00bb16px\u00a0\u00bb text_letter_spacing=\u00a0\u00bb10px\u00a0\u00bb text_line_height=\u00a0\u00bb1.6em\u00a0\u00bb custom_margin=\u00a0\u00bb||20px||false|false\u00a0\u00bb custom_padding=\u00a0\u00bb||||false|false\u00a0\u00bb text_letter_spacing_tablet=\u00a0\u00bb15px\u00a0\u00bb text_letter_spacing_phone=\u00a0\u00bb6px\u00a0\u00bb text_letter_spacing_last_edited=\u00a0\u00bboff|desktop\u00a0\u00bb global_colors_info=\u00a0\u00bb{}\u00a0\u00bb]<\/p>\n<p style=\"text-align: center;\">HISTOIRE<\/p>\n<p>[\/et_pb_text][et_pb_text _builder_version=\u00a0\u00bb4.18.0&Prime; _module_preset=\u00a0\u00bbdefault\u00a0\u00bb text_font=\u00a0\u00bbRoboto Condensed||||||||\u00a0\u00bb text_font_size=\u00a0\u00bb16px\u00a0\u00bb text_line_height=\u00a0\u00bb1.6em\u00a0\u00bb custom_margin=\u00a0\u00bb0px||||false|false\u00a0\u00bb custom_padding=\u00a0\u00bb0px||||false|false\u00a0\u00bb text_letter_spacing_tablet=\u00a0\u00bb15px\u00a0\u00bb text_letter_spacing_phone=\u00a0\u00bb6px\u00a0\u00bb text_letter_spacing_last_edited=\u00a0\u00bboff|desktop\u00a0\u00bb global_colors_info=\u00a0\u00bb{}\u00a0\u00bb]<\/p>\n<p>La r\u00e9gion du Haut-Var en Provence a une histoire riche et vari\u00e9e, avec des vestiges pr\u00e9historiques, des sites romains, des \u00e9difices m\u00e9di\u00e9vaux et des villages perch\u00e9s.<\/p>\n<p>Pendant la pr\u00e9histoire, la r\u00e9gion \u00e9tait habit\u00e9e par des groupes de chasseurs-cueilleurs nomades. Des vestiges de cette \u00e9poque ont \u00e9t\u00e9 d\u00e9couverts dans la r\u00e9gion, notamment des outils en silex et des peintures rupestres.<\/p>\n<p>Pendant l&rsquo;\u00e9poque romaine, la r\u00e9gion \u00e9tait travers\u00e9e par une voie romaine qui reliait les villes d&rsquo;Arles et de Fr\u00e9jus. Des vestiges de cette voie romaine peuvent encore \u00eatre vus dans la r\u00e9gion, ainsi que des sites arch\u00e9ologiques tels que la villa romaine de la Crouzette \u00e0 Aups.<\/p>\n<p>Au Moyen \u00c2ge, la r\u00e9gion \u00e9tait contr\u00f4l\u00e9e par des seigneurs locaux qui construisirent des ch\u00e2teaux forts pour se prot\u00e9ger contre les invasions. De nombreux villages perch\u00e9s dans la r\u00e9gion ont \u00e9galement \u00e9t\u00e9 construits pendant cette p\u00e9riode, notamment Tourtour, Entrecasteaux et Villecroze.<\/p>\n<p>Pendant la R\u00e9volution fran\u00e7aise, la r\u00e9gion a \u00e9t\u00e9 le th\u00e9\u00e2tre de conflits entre les partisans de la R\u00e9volution et les royalistes. Plusieurs villages ont \u00e9t\u00e9 br\u00fbl\u00e9s ou d\u00e9truits pendant cette p\u00e9riode.<\/p>\n<p>Au XIXe si\u00e8cle, la r\u00e9gion a \u00e9t\u00e9 marqu\u00e9e par l&rsquo;arriv\u00e9e de nombreux artistes, attir\u00e9s par la beaut\u00e9 de la Provence. Ces artistes ont contribu\u00e9 \u00e0 faire conna\u00eetre la r\u00e9gion au niveau national et international.<\/p>\n<p>De nos jours, le Haut-Var est une r\u00e9gion touristique populaire, connue pour ses paysages de collines et de montagnes, ses villages perch\u00e9s, ses sites arch\u00e9ologiques et son patrimoine culturel et artistique.<\/p>\n<p>[\/et_pb_text][\/et_pb_column][et_pb_column type=\u00a0\u00bb3_5&Prime; _builder_version=\u00a0\u00bb4.18.0&Prime; _module_preset=\u00a0\u00bbdefault\u00a0\u00bb global_colors_info=\u00a0\u00bb{}\u00a0\u00bb][et_pb_image src=\u00a0\u00bbhttps:\/\/fredartwork.com\/digital\/wp-content\/uploads\/2023\/04\/Fred-Grossi-digital-Haut-Var-Provence.jpg\u00a0\u00bb align=\u00a0\u00bbcenter\u00a0\u00bb _builder_version=\u00a0\u00bb4.18.0&Prime; _module_preset=\u00a0\u00bbdefault\u00a0\u00bb custom_margin=\u00a0\u00bb||||false|false\u00a0\u00bb global_colors_info=\u00a0\u00bb{}\u00a0\u00bb][\/et_pb_image][\/et_pb_column][\/et_pb_row][et_pb_row column_structure=\u00a0\u00bb3_5,2_5&Prime; _builder_version=\u00a0\u00bb4.18.0&Prime; _module_preset=\u00a0\u00bbdefault\u00a0\u00bb max_width=\u00a0\u00bb1400px\u00a0\u00bb module_alignment=\u00a0\u00bbcenter\u00a0\u00bb custom_margin=\u00a0\u00bb||100px||false|false\u00a0\u00bb custom_padding=\u00a0\u00bb||||false|false\u00a0\u00bb animation_style=\u00a0\u00bbfade\u00a0\u00bb global_colors_info=\u00a0\u00bb{}\u00a0\u00bb][et_pb_column type=\u00a0\u00bb3_5&Prime; _builder_version=\u00a0\u00bb4.18.0&Prime; _module_preset=\u00a0\u00bbdefault\u00a0\u00bb global_colors_info=\u00a0\u00bb{}\u00a0\u00bb][et_pb_image src=\u00a0\u00bbhttps:\/\/fredartwork.com\/digital\/wp-content\/uploads\/2023\/04\/Fred-Grossi-Haut-Var-Provence.jpg\u00a0\u00bb align=\u00a0\u00bbcenter\u00a0\u00bb _builder_version=\u00a0\u00bb4.18.0&Prime; _module_preset=\u00a0\u00bbdefault\u00a0\u00bb custom_margin=\u00a0\u00bb||||false|false\u00a0\u00bb global_colors_info=\u00a0\u00bb{}\u00a0\u00bb][\/et_pb_image][\/et_pb_column][et_pb_column type=\u00a0\u00bb2_5&Prime; _builder_version=\u00a0\u00bb4.18.0&Prime; _module_preset=\u00a0\u00bbdefault\u00a0\u00bb global_colors_info=\u00a0\u00bb{}\u00a0\u00bb][et_pb_text _builder_version=\u00a0\u00bb4.18.0&Prime; _module_preset=\u00a0\u00bbdefault\u00a0\u00bb text_font=\u00a0\u00bbRoboto Condensed||||||||\u00a0\u00bb text_font_size=\u00a0\u00bb16px\u00a0\u00bb text_letter_spacing=\u00a0\u00bb10px\u00a0\u00bb text_line_height=\u00a0\u00bb1.6em\u00a0\u00bb custom_margin=\u00a0\u00bb||20px||false|false\u00a0\u00bb custom_padding=\u00a0\u00bb||||false|false\u00a0\u00bb text_letter_spacing_tablet=\u00a0\u00bb15px\u00a0\u00bb text_letter_spacing_phone=\u00a0\u00bb6px\u00a0\u00bb text_letter_spacing_last_edited=\u00a0\u00bboff|desktop\u00a0\u00bb global_colors_info=\u00a0\u00bb{}\u00a0\u00bb]<\/p>\n<p style=\"text-align: center;\">LES ARTISTES DE PROVENCE<\/p>\n<p>[\/et_pb_text][et_pb_text _builder_version=\u00a0\u00bb4.18.0&Prime; _module_preset=\u00a0\u00bbdefault\u00a0\u00bb text_font=\u00a0\u00bbRoboto Condensed||||||||\u00a0\u00bb text_font_size=\u00a0\u00bb16px\u00a0\u00bb text_line_height=\u00a0\u00bb1.6em\u00a0\u00bb custom_margin=\u00a0\u00bb0px||||false|false\u00a0\u00bb custom_padding=\u00a0\u00bb0px||||false|false\u00a0\u00bb text_letter_spacing_tablet=\u00a0\u00bb15px\u00a0\u00bb text_letter_spacing_phone=\u00a0\u00bb6px\u00a0\u00bb text_letter_spacing_last_edited=\u00a0\u00bboff|desktop\u00a0\u00bb global_colors_info=\u00a0\u00bb{}\u00a0\u00bb]<\/p>\n<p>Paul C\u00e9zanne (1839-1906) : N\u00e9 \u00e0 Aix-en-Provence, C\u00e9zanne est l&rsquo;un des artistes les plus c\u00e9l\u00e8bres de la r\u00e9gion. Il est connu pour ses peintures de la montagne Sainte-Victoire, qu&rsquo;il a peintes \u00e0 plusieurs reprises tout au long de sa carri\u00e8re.<\/p>\n<p>Vincent van Gogh (1853-1890) : Van Gogh a v\u00e9cu en Provence pendant une p\u00e9riode de sa vie et y a peint certains de ses tableaux les plus c\u00e9l\u00e8bres, notamment \u00ab\u00a0La nuit \u00e9toil\u00e9e\u00a0\u00bb.<\/p>\n<p>Auguste Renoir (1841-1919) : Renoir a pass\u00e9 plusieurs \u00e9t\u00e9s \u00e0 Cagnes-sur-Mer, o\u00f9 il a peint de nombreux tableaux de paysages et de sc\u00e8nes de la vie quotidienne.<\/p>\n<p>Henri Matisse (1869-1954) : Matisse a pass\u00e9 une partie de sa vie \u00e0 Saint-Tropez, dans le Haut-Var, et y a peint plusieurs tableaux, notamment \u00ab\u00a0Int\u00e9rieur au violon\u00a0\u00bb et \u00ab\u00a0La Danse\u00a0\u00bb.<\/p>\n<p>Bernard Buffet (1928-1999), un peintre fran\u00e7ais figuratif, a v\u00e9cu dans le village de Tourtour et y a peint plusieurs tableaux.<\/p>\n<p>Jean Deyrolle (1911-1967) : N\u00e9 \u00e0 Tourtour, cet artiste a pass\u00e9 la majeure partie de sa vie dans le Haut-Var. Il a peint de nombreux tableaux de la r\u00e9gion, notamment des paysages, des sc\u00e8nes de la vie quotidienne et des portraits.<\/p>\n<p>Gustave Courbet (1819-1877) : Courbet a pass\u00e9 une partie de sa vie \u00e0 Saint-Antonin-du-Var, dans le Haut-Var. Il y a peint plusieurs tableaux, notamment \u00ab\u00a0Le Ch\u00e2teau de Saint-Antonin\u00a0\u00bb et \u00ab\u00a0Le Moulin de la Galette \u00e0 Saint-Antonin\u00a0\u00bb.<\/p>\n<p>[\/et_pb_text][\/et_pb_column][\/et_pb_row][\/et_pb_section]<\/p>\n","protected":false},"excerpt":{"rendered":"<p>LA REGIONCes villes du Var en Provence sont riches en patrimoine artistique et culturel. Voici un bref aper\u00e7u de l&rsquo;histoire de l&rsquo;art de chacune de ces villes : Aups abrite plusieurs galeries d&rsquo;art et ateliers d&rsquo;artistes. L&rsquo;histoire de l&rsquo;art remonte \u00e0 l&rsquo;Antiquit\u00e9, avec des vestiges de l&rsquo;\u00e9poque romaine tels que la villa de la Crouzette, [&hellip;]<\/p>\n","protected":false},"author":1,"featured_media":1293,"parent":0,"menu_order":0,"comment_status":"closed","ping_status":"closed","template":"","meta":{"_et_pb_use_builder":"on","_et_pb_old_content":"","_et_gb_content_width":"","footnotes":""},"class_list":["post-1290","page","type-page","status-publish","has-post-thumbnail","hentry"],"yoast_head":"<title>Haut-Var - Fred Artwork<\/title>\n<meta name=\"description\" content=\"Ces villages du Var en Provence telles que Aups, Salernes, Tourtour, R\u00e9gusse sont riches en patrimoine artistique et culturel.\" \/>\n<meta name=\"robots\" content=\"index, follow, max-snippet:-1, max-image-preview:large, max-video-preview:-1\" \/>\n<link rel=\"canonical\" href=\"https:\/\/fredartwork.com\/digital\/haut-var\/\" \/>\n<meta property=\"og:locale\" content=\"fr_FR\" \/>\n<meta property=\"og:type\" content=\"article\" \/>\n<meta property=\"og:title\" content=\"Haut-Var - Fred Artwork\" \/>\n<meta property=\"og:description\" content=\"Ces villages du Var en Provence telles que Aups, Salernes, Tourtour, R\u00e9gusse sont riches en patrimoine artistique et culturel.\" \/>\n<meta property=\"og:url\" content=\"https:\/\/fredartwork.com\/digital\/haut-var\/\" \/>\n<meta property=\"og:site_name\" content=\"Fred Artwork\" \/>\n<meta property=\"article:modified_time\" content=\"2023-04-17T14:13:41+00:00\" \/>\n<meta property=\"og:image\" content=\"https:\/\/fredartwork.com\/digital\/wp-content\/uploads\/2023\/04\/Fred-Grossi-artiste-Haut-Var-Provence.jpg\" \/>\n\t<meta property=\"og:image:width\" content=\"864\" \/>\n\t<meta property=\"og:image:height\" content=\"864\" \/>\n\t<meta property=\"og:image:type\" content=\"image\/jpeg\" \/>\n<meta name=\"twitter:card\" content=\"summary_large_image\" \/>\n<meta name=\"twitter:label1\" content=\"Dur\u00e9e de lecture estim\u00e9e\" \/>\n\t<meta name=\"twitter:data1\" content=\"5 minutes\" \/>\n<script type=\"application\/ld+json\" class=\"yoast-schema-graph\">{\"@context\":\"https:\\\/\\\/schema.org\",\"@graph\":[{\"@type\":\"WebPage\",\"@id\":\"https:\\\/\\\/fredartwork.com\\\/digital\\\/haut-var\\\/\",\"url\":\"https:\\\/\\\/fredartwork.com\\\/digital\\\/haut-var\\\/\",\"name\":\"Haut-Var - Fred Artwork\",\"isPartOf\":{\"@id\":\"https:\\\/\\\/fredartwork.com\\\/digital\\\/#website\"},\"primaryImageOfPage\":{\"@id\":\"https:\\\/\\\/fredartwork.com\\\/digital\\\/haut-var\\\/#primaryimage\"},\"image\":{\"@id\":\"https:\\\/\\\/fredartwork.com\\\/digital\\\/haut-var\\\/#primaryimage\"},\"thumbnailUrl\":\"https:\\\/\\\/fredartwork.com\\\/digital\\\/wp-content\\\/uploads\\\/2023\\\/04\\\/Fred-Grossi-artiste-Haut-Var-Provence.jpg\",\"datePublished\":\"2023-04-17T13:51:18+00:00\",\"dateModified\":\"2023-04-17T14:13:41+00:00\",\"description\":\"Ces villages du Var en Provence telles que Aups, Salernes, Tourtour, R\u00e9gusse sont riches en patrimoine artistique et culturel.\",\"breadcrumb\":{\"@id\":\"https:\\\/\\\/fredartwork.com\\\/digital\\\/haut-var\\\/#breadcrumb\"},\"inLanguage\":\"fr-FR\",\"potentialAction\":[{\"@type\":\"ReadAction\",\"target\":[\"https:\\\/\\\/fredartwork.com\\\/digital\\\/haut-var\\\/\"]}]},{\"@type\":\"ImageObject\",\"inLanguage\":\"fr-FR\",\"@id\":\"https:\\\/\\\/fredartwork.com\\\/digital\\\/haut-var\\\/#primaryimage\",\"url\":\"https:\\\/\\\/fredartwork.com\\\/digital\\\/wp-content\\\/uploads\\\/2023\\\/04\\\/Fred-Grossi-artiste-Haut-Var-Provence.jpg\",\"contentUrl\":\"https:\\\/\\\/fredartwork.com\\\/digital\\\/wp-content\\\/uploads\\\/2023\\\/04\\\/Fred-Grossi-artiste-Haut-Var-Provence.jpg\",\"width\":864,\"height\":864},{\"@type\":\"BreadcrumbList\",\"@id\":\"https:\\\/\\\/fredartwork.com\\\/digital\\\/haut-var\\\/#breadcrumb\",\"itemListElement\":[{\"@type\":\"ListItem\",\"position\":1,\"name\":\"Accueil\",\"item\":\"https:\\\/\\\/fredartwork.com\\\/digital\\\/\"},{\"@type\":\"ListItem\",\"position\":2,\"name\":\"Haut-Var\"}]},{\"@type\":\"WebSite\",\"@id\":\"https:\\\/\\\/fredartwork.com\\\/digital\\\/#website\",\"url\":\"https:\\\/\\\/fredartwork.com\\\/digital\\\/\",\"name\":\"Fred Grossi Artwork\",\"description\":\"Digital Art in France\",\"potentialAction\":[{\"@type\":\"SearchAction\",\"target\":{\"@type\":\"EntryPoint\",\"urlTemplate\":\"https:\\\/\\\/fredartwork.com\\\/digital\\\/?s={search_term_string}\"},\"query-input\":{\"@type\":\"PropertyValueSpecification\",\"valueRequired\":true,\"valueName\":\"search_term_string\"}}],\"inLanguage\":\"fr-FR\"}]}<\/script>","yoast_head_json":{"title":"Haut-Var - Fred Artwork","description":"Ces villages du Var en Provence telles que Aups, Salernes, Tourtour, R\u00e9gusse sont riches en patrimoine artistique et culturel.","robots":{"index":"index","follow":"follow","max-snippet":"max-snippet:-1","max-image-preview":"max-image-preview:large","max-video-preview":"max-video-preview:-1"},"canonical":"https:\/\/fredartwork.com\/digital\/haut-var\/","og_locale":"fr_FR","og_type":"article","og_title":"Haut-Var - Fred Artwork","og_description":"Ces villages du Var en Provence telles que Aups, Salernes, Tourtour, R\u00e9gusse sont riches en patrimoine artistique et culturel.","og_url":"https:\/\/fredartwork.com\/digital\/haut-var\/","og_site_name":"Fred Artwork","article_modified_time":"2023-04-17T14:13:41+00:00","og_image":[{"width":864,"height":864,"url":"https:\/\/fredartwork.com\/digital\/wp-content\/uploads\/2023\/04\/Fred-Grossi-artiste-Haut-Var-Provence.jpg","type":"image\/jpeg"}],"twitter_card":"summary_large_image","twitter_misc":{"Dur\u00e9e de lecture estim\u00e9e":"5 minutes"},"schema":{"@context":"https:\/\/schema.org","@graph":[{"@type":"WebPage","@id":"https:\/\/fredartwork.com\/digital\/haut-var\/","url":"https:\/\/fredartwork.com\/digital\/haut-var\/","name":"Haut-Var - Fred Artwork","isPartOf":{"@id":"https:\/\/fredartwork.com\/digital\/#website"},"primaryImageOfPage":{"@id":"https:\/\/fredartwork.com\/digital\/haut-var\/#primaryimage"},"image":{"@id":"https:\/\/fredartwork.com\/digital\/haut-var\/#primaryimage"},"thumbnailUrl":"https:\/\/fredartwork.com\/digital\/wp-content\/uploads\/2023\/04\/Fred-Grossi-artiste-Haut-Var-Provence.jpg","datePublished":"2023-04-17T13:51:18+00:00","dateModified":"2023-04-17T14:13:41+00:00","description":"Ces villages du Var en Provence telles que Aups, Salernes, Tourtour, R\u00e9gusse sont riches en patrimoine artistique et culturel.","breadcrumb":{"@id":"https:\/\/fredartwork.com\/digital\/haut-var\/#breadcrumb"},"inLanguage":"fr-FR","potentialAction":[{"@type":"ReadAction","target":["https:\/\/fredartwork.com\/digital\/haut-var\/"]}]},{"@type":"ImageObject","inLanguage":"fr-FR","@id":"https:\/\/fredartwork.com\/digital\/haut-var\/#primaryimage","url":"https:\/\/fredartwork.com\/digital\/wp-content\/uploads\/2023\/04\/Fred-Grossi-artiste-Haut-Var-Provence.jpg","contentUrl":"https:\/\/fredartwork.com\/digital\/wp-content\/uploads\/2023\/04\/Fred-Grossi-artiste-Haut-Var-Provence.jpg","width":864,"height":864},{"@type":"BreadcrumbList","@id":"https:\/\/fredartwork.com\/digital\/haut-var\/#breadcrumb","itemListElement":[{"@type":"ListItem","position":1,"name":"Accueil","item":"https:\/\/fredartwork.com\/digital\/"},{"@type":"ListItem","position":2,"name":"Haut-Var"}]},{"@type":"WebSite","@id":"https:\/\/fredartwork.com\/digital\/#website","url":"https:\/\/fredartwork.com\/digital\/","name":"Fred Grossi Artwork","description":"Digital Art in France","potentialAction":[{"@type":"SearchAction","target":{"@type":"EntryPoint","urlTemplate":"https:\/\/fredartwork.com\/digital\/?s={search_term_string}"},"query-input":{"@type":"PropertyValueSpecification","valueRequired":true,"valueName":"search_term_string"}}],"inLanguage":"fr-FR"}]}},"_links":{"self":[{"href":"https:\/\/fredartwork.com\/digital\/wp-json\/wp\/v2\/pages\/1290","targetHints":{"allow":["GET"]}}],"collection":[{"href":"https:\/\/fredartwork.com\/digital\/wp-json\/wp\/v2\/pages"}],"about":[{"href":"https:\/\/fredartwork.com\/digital\/wp-json\/wp\/v2\/types\/page"}],"author":[{"embeddable":true,"href":"https:\/\/fredartwork.com\/digital\/wp-json\/wp\/v2\/users\/1"}],"replies":[{"embeddable":true,"href":"https:\/\/fredartwork.com\/digital\/wp-json\/wp\/v2\/comments?post=1290"}],"version-history":[{"count":11,"href":"https:\/\/fredartwork.com\/digital\/wp-json\/wp\/v2\/pages\/1290\/revisions"}],"predecessor-version":[{"id":1316,"href":"https:\/\/fredartwork.com\/digital\/wp-json\/wp\/v2\/pages\/1290\/revisions\/1316"}],"wp:featuredmedia":[{"embeddable":true,"href":"https:\/\/fredartwork.com\/digital\/wp-json\/wp\/v2\/media\/1293"}],"wp:attachment":[{"href":"https:\/\/fredartwork.com\/digital\/wp-json\/wp\/v2\/media?parent=1290"}],"curies":[{"name":"wp","href":"https:\/\/api.w.org\/{rel}","templated":true}]}}