{"id":413,"date":"2023-03-26T22:07:04","date_gmt":"2023-03-26T20:07:04","guid":{"rendered":"https:\/\/fredartwork.com\/digital\/?page_id=413"},"modified":"2025-03-04T19:22:55","modified_gmt":"2025-03-04T18:22:55","slug":"a-propos","status":"publish","type":"page","link":"https:\/\/fredartwork.com\/digital\/a-propos\/","title":{"rendered":"A propos"},"content":{"rendered":"<p>[et_pb_section fb_built=\u00a0\u00bb1&Prime; _builder_version=\u00a0\u00bb4.18.0&Prime; _module_preset=\u00a0\u00bbdefault\u00a0\u00bb custom_margin=\u00a0\u00bb0px||50px||false|false\u00a0\u00bb custom_padding=\u00a0\u00bb0px||0px||true|false\u00a0\u00bb global_colors_info=\u00a0\u00bb{}\u00a0\u00bb][et_pb_row column_structure=\u00a0\u00bb3_5,2_5&Prime; _builder_version=\u00a0\u00bb4.18.0&Prime; _module_preset=\u00a0\u00bbdefault\u00a0\u00bb max_width=\u00a0\u00bb1400px\u00a0\u00bb module_alignment=\u00a0\u00bbcenter\u00a0\u00bb custom_margin=\u00a0\u00bb||||false|false\u00a0\u00bb custom_padding=\u00a0\u00bb||||false|false\u00a0\u00bb animation_style=\u00a0\u00bbfade\u00a0\u00bb global_colors_info=\u00a0\u00bb{}\u00a0\u00bb][et_pb_column type=\u00a0\u00bb3_5&Prime; _builder_version=\u00a0\u00bb4.18.0&Prime; _module_preset=\u00a0\u00bbdefault\u00a0\u00bb global_colors_info=\u00a0\u00bb{}\u00a0\u00bb][et_pb_image src=\u00a0\u00bbhttps:\/\/fredartwork.com\/digital\/wp-content\/uploads\/2023\/03\/Fred-Grossi-La-passion.jpg\u00a0\u00bb align=\u00a0\u00bbcenter\u00a0\u00bb _builder_version=\u00a0\u00bb4.18.0&Prime; _module_preset=\u00a0\u00bbdefault\u00a0\u00bb custom_margin=\u00a0\u00bb||||false|false\u00a0\u00bb global_colors_info=\u00a0\u00bb{}\u00a0\u00bb][\/et_pb_image][\/et_pb_column][et_pb_column type=\u00a0\u00bb2_5&Prime; _builder_version=\u00a0\u00bb4.18.0&Prime; _module_preset=\u00a0\u00bbdefault\u00a0\u00bb global_colors_info=\u00a0\u00bb{}\u00a0\u00bb][et_pb_text _builder_version=\u00a0\u00bb4.18.0&Prime; _module_preset=\u00a0\u00bbdefault\u00a0\u00bb text_font=\u00a0\u00bbRoboto Condensed||||||||\u00a0\u00bb text_font_size=\u00a0\u00bb16px\u00a0\u00bb text_letter_spacing=\u00a0\u00bb10px\u00a0\u00bb text_line_height=\u00a0\u00bb1.6em\u00a0\u00bb custom_margin=\u00a0\u00bb||20px||false|false\u00a0\u00bb custom_padding=\u00a0\u00bb||||false|false\u00a0\u00bb text_letter_spacing_tablet=\u00a0\u00bb15px\u00a0\u00bb text_letter_spacing_phone=\u00a0\u00bb6px\u00a0\u00bb text_letter_spacing_last_edited=\u00a0\u00bboff|desktop\u00a0\u00bb global_colors_info=\u00a0\u00bb{}\u00a0\u00bb]<\/p>\n<p style=\"text-align: center;\">A PROPOS<\/p>\n<p>[\/et_pb_text][et_pb_image src=\u00a0\u00bbhttps:\/\/fredartwork.com\/digital\/wp-content\/uploads\/2025\/01\/fred.png\u00a0\u00bb align=\u00a0\u00bbcenter\u00a0\u00bb _builder_version=\u00a0\u00bb4.18.0&Prime; _module_preset=\u00a0\u00bbdefault\u00a0\u00bb max_width=\u00a0\u00bb180px\u00a0\u00bb module_alignment=\u00a0\u00bbcenter\u00a0\u00bb custom_margin=\u00a0\u00bb||||false|false\u00a0\u00bb border_color_all=\u00a0\u00bb#a0a0a0&Prime; global_colors_info=\u00a0\u00bb{}\u00a0\u00bb][\/et_pb_image][et_pb_text _builder_version=\u00a0\u00bb4.18.0&Prime; _module_preset=\u00a0\u00bbdefault\u00a0\u00bb text_font=\u00a0\u00bbRoboto Condensed||||||||\u00a0\u00bb text_font_size=\u00a0\u00bb16px\u00a0\u00bb text_line_height=\u00a0\u00bb1.6em\u00a0\u00bb custom_margin=\u00a0\u00bb0px||||false|false\u00a0\u00bb custom_padding=\u00a0\u00bb0px||||false|false\u00a0\u00bb text_letter_spacing_tablet=\u00a0\u00bb15px\u00a0\u00bb text_letter_spacing_phone=\u00a0\u00bb6px\u00a0\u00bb text_letter_spacing_last_edited=\u00a0\u00bboff|desktop\u00a0\u00bb global_colors_info=\u00a0\u00bb{}\u00a0\u00bb]<\/p>\n<p style=\"text-align: left;\">Apr\u00e8s ses \u00e9tudes d&rsquo;art \u00e0 Nice dans les ann\u00e9es 80, Fred d\u00e9couvre l&rsquo;infographie, un domaine alors \u00e9mergent, qui r\u00e9volutionne son approche de la cr\u00e9ation.<\/p>\n<p>En 1995, avec les d\u00e9buts du Web, il se lance naturellement dans la communication digitale en cr\u00e9ant son agence et r\u00e9alise de nombreux projets pour des entreprises r\u00e9gionales et internationales. Parall\u00e8lement \u00e0 sa carri\u00e8re professionnelle, Fred poursuit ses recherches artistiques en s\u2019inspirant de l&rsquo;art abstrait et de la pop culture.<\/p>\n<p>En 2021, Fred s&rsquo;installe \u00e0 Aups dans le Haut-Var o\u00f9 il trouve une nouvelle source d&rsquo;inspiration pour lib\u00e9rer son imagination cr\u00e9ative. Il d\u00e9veloppe une approche singuli\u00e8re de l&rsquo;art digital en explorant les derni\u00e8res technologies de traitement de l&rsquo;image pour concevoir des \u0153uvres immersives, qui transportent le spectateur dans un monde de sensations et d&rsquo;\u00e9motions. Il propose un regard inspirant sur le monde qui nous entoure, sur les \u00e9v\u00e9nements qui nous impactent, tout en distillant de la po\u00e9sie et de l\u2019esth\u00e9tisme dans ses nombreuses compositions.<\/p>\n<p>[\/et_pb_text][et_pb_text _builder_version=\u00a0\u00bb4.18.0&Prime; _module_preset=\u00a0\u00bbdefault\u00a0\u00bb text_font=\u00a0\u00bbRoboto Condensed||||||||\u00a0\u00bb text_font_size=\u00a0\u00bb16px\u00a0\u00bb text_line_height=\u00a0\u00bb1.6em\u00a0\u00bb custom_margin=\u00a0\u00bb||||false|false\u00a0\u00bb custom_padding=\u00a0\u00bb||||false|false\u00a0\u00bb hover_enabled=\u00a0\u00bb0&Prime; text_letter_spacing_tablet=\u00a0\u00bb15px\u00a0\u00bb text_letter_spacing_phone=\u00a0\u00bb6px\u00a0\u00bb text_letter_spacing_last_edited=\u00a0\u00bboff|desktop\u00a0\u00bb global_colors_info=\u00a0\u00bb{}\u00a0\u00bb sticky_enabled=\u00a0\u00bb0&Prime;]<\/p>\n<p style=\"text-align: center;\">FRED ARTWORK &#8211; ARTISTE DIGITAL<br \/>+33 (0)\u202d7 82 14 81 97 &#8211; Aups, France<br \/>fredartistedigital@gmail.com<\/p>\n<p><a href=\"https:\/\/www.instagram.com\/fredartistedigital\/\" target=\"_blank\" rel=\"noopener\"><img loading=\"lazy\" decoding=\"async\" class=\"aligncenter wp-image-1107 size-full\" src=\"https:\/\/fredartwork.com\/digital\/wp-content\/uploads\/2023\/04\/pict-insta.png\" alt=\"\" width=\"40\" height=\"40\" \/><\/a><\/p>\n<p>[\/et_pb_text][\/et_pb_column][\/et_pb_row][\/et_pb_section]<\/p>\n","protected":false},"excerpt":{"rendered":"<p>A PROPOSApr\u00e8s ses \u00e9tudes d&rsquo;art \u00e0 Nice dans les ann\u00e9es 80, Fred d\u00e9couvre l&rsquo;infographie, un domaine alors \u00e9mergent, qui r\u00e9volutionne son approche de la cr\u00e9ation. En 1995, avec les d\u00e9buts du Web, il se lance naturellement dans la communication digitale en cr\u00e9ant son agence et r\u00e9alise de nombreux projets pour des entreprises r\u00e9gionales et internationales. [&hellip;]<\/p>\n","protected":false},"author":1,"featured_media":817,"parent":0,"menu_order":0,"comment_status":"closed","ping_status":"closed","template":"","meta":{"_et_pb_use_builder":"on","_et_pb_old_content":"","_et_gb_content_width":"","footnotes":""},"class_list":["post-413","page","type-page","status-publish","has-post-thumbnail","hentry"],"yoast_head":"<title>A propos - Fred Artwork<\/title>\n<meta name=\"description\" content=\"Fred Artwork propose un regard inspirant sur le monde qui nous entoure tout en distillant de la po\u00e9sie et de l\u2019esth\u00e9tisme dans ses compositions.\" \/>\n<meta name=\"robots\" content=\"index, follow, max-snippet:-1, max-image-preview:large, max-video-preview:-1\" \/>\n<link rel=\"canonical\" href=\"https:\/\/fredartwork.com\/digital\/a-propos\/\" \/>\n<meta property=\"og:locale\" content=\"fr_FR\" \/>\n<meta property=\"og:type\" content=\"article\" \/>\n<meta property=\"og:title\" content=\"A propos - Fred Artwork\" \/>\n<meta property=\"og:description\" content=\"Fred Artwork propose un regard inspirant sur le monde qui nous entoure tout en distillant de la po\u00e9sie et de l\u2019esth\u00e9tisme dans ses compositions.\" \/>\n<meta property=\"og:url\" content=\"https:\/\/fredartwork.com\/digital\/a-propos\/\" \/>\n<meta property=\"og:site_name\" content=\"Fred Artwork\" \/>\n<meta property=\"article:modified_time\" content=\"2025-03-04T18:22:55+00:00\" \/>\n<meta property=\"og:image\" content=\"https:\/\/fredartwork.com\/digital\/wp-content\/uploads\/2023\/03\/Fred-Grossi-La-passion.jpg\" \/>\n\t<meta property=\"og:image:width\" content=\"1024\" \/>\n\t<meta property=\"og:image:height\" content=\"1024\" \/>\n\t<meta property=\"og:image:type\" content=\"image\/jpeg\" \/>\n<meta name=\"twitter:card\" content=\"summary_large_image\" \/>\n<meta name=\"twitter:label1\" content=\"Dur\u00e9e de lecture estim\u00e9e\" \/>\n\t<meta name=\"twitter:data1\" content=\"2 minutes\" \/>\n<script type=\"application\/ld+json\" class=\"yoast-schema-graph\">{\"@context\":\"https:\\\/\\\/schema.org\",\"@graph\":[{\"@type\":\"WebPage\",\"@id\":\"https:\\\/\\\/fredartwork.com\\\/digital\\\/a-propos\\\/\",\"url\":\"https:\\\/\\\/fredartwork.com\\\/digital\\\/a-propos\\\/\",\"name\":\"A propos - Fred Artwork\",\"isPartOf\":{\"@id\":\"https:\\\/\\\/fredartwork.com\\\/digital\\\/#website\"},\"primaryImageOfPage\":{\"@id\":\"https:\\\/\\\/fredartwork.com\\\/digital\\\/a-propos\\\/#primaryimage\"},\"image\":{\"@id\":\"https:\\\/\\\/fredartwork.com\\\/digital\\\/a-propos\\\/#primaryimage\"},\"thumbnailUrl\":\"https:\\\/\\\/fredartwork.com\\\/digital\\\/wp-content\\\/uploads\\\/2023\\\/03\\\/Fred-Grossi-La-passion.jpg\",\"datePublished\":\"2023-03-26T20:07:04+00:00\",\"dateModified\":\"2025-03-04T18:22:55+00:00\",\"description\":\"Fred Artwork propose un regard inspirant sur le monde qui nous entoure tout en distillant de la po\u00e9sie et de l\u2019esth\u00e9tisme dans ses compositions.\",\"breadcrumb\":{\"@id\":\"https:\\\/\\\/fredartwork.com\\\/digital\\\/a-propos\\\/#breadcrumb\"},\"inLanguage\":\"fr-FR\",\"potentialAction\":[{\"@type\":\"ReadAction\",\"target\":[\"https:\\\/\\\/fredartwork.com\\\/digital\\\/a-propos\\\/\"]}]},{\"@type\":\"ImageObject\",\"inLanguage\":\"fr-FR\",\"@id\":\"https:\\\/\\\/fredartwork.com\\\/digital\\\/a-propos\\\/#primaryimage\",\"url\":\"https:\\\/\\\/fredartwork.com\\\/digital\\\/wp-content\\\/uploads\\\/2023\\\/03\\\/Fred-Grossi-La-passion.jpg\",\"contentUrl\":\"https:\\\/\\\/fredartwork.com\\\/digital\\\/wp-content\\\/uploads\\\/2023\\\/03\\\/Fred-Grossi-La-passion.jpg\",\"width\":1024,\"height\":1024},{\"@type\":\"BreadcrumbList\",\"@id\":\"https:\\\/\\\/fredartwork.com\\\/digital\\\/a-propos\\\/#breadcrumb\",\"itemListElement\":[{\"@type\":\"ListItem\",\"position\":1,\"name\":\"Accueil\",\"item\":\"https:\\\/\\\/fredartwork.com\\\/digital\\\/\"},{\"@type\":\"ListItem\",\"position\":2,\"name\":\"A propos\"}]},{\"@type\":\"WebSite\",\"@id\":\"https:\\\/\\\/fredartwork.com\\\/digital\\\/#website\",\"url\":\"https:\\\/\\\/fredartwork.com\\\/digital\\\/\",\"name\":\"Fred Grossi Artwork\",\"description\":\"Digital Art in France\",\"potentialAction\":[{\"@type\":\"SearchAction\",\"target\":{\"@type\":\"EntryPoint\",\"urlTemplate\":\"https:\\\/\\\/fredartwork.com\\\/digital\\\/?s={search_term_string}\"},\"query-input\":{\"@type\":\"PropertyValueSpecification\",\"valueRequired\":true,\"valueName\":\"search_term_string\"}}],\"inLanguage\":\"fr-FR\"}]}<\/script>","yoast_head_json":{"title":"A propos - Fred Artwork","description":"Fred Artwork propose un regard inspirant sur le monde qui nous entoure tout en distillant de la po\u00e9sie et de l\u2019esth\u00e9tisme dans ses compositions.","robots":{"index":"index","follow":"follow","max-snippet":"max-snippet:-1","max-image-preview":"max-image-preview:large","max-video-preview":"max-video-preview:-1"},"canonical":"https:\/\/fredartwork.com\/digital\/a-propos\/","og_locale":"fr_FR","og_type":"article","og_title":"A propos - Fred Artwork","og_description":"Fred Artwork propose un regard inspirant sur le monde qui nous entoure tout en distillant de la po\u00e9sie et de l\u2019esth\u00e9tisme dans ses compositions.","og_url":"https:\/\/fredartwork.com\/digital\/a-propos\/","og_site_name":"Fred Artwork","article_modified_time":"2025-03-04T18:22:55+00:00","og_image":[{"width":1024,"height":1024,"url":"https:\/\/fredartwork.com\/digital\/wp-content\/uploads\/2023\/03\/Fred-Grossi-La-passion.jpg","type":"image\/jpeg"}],"twitter_card":"summary_large_image","twitter_misc":{"Dur\u00e9e de lecture estim\u00e9e":"2 minutes"},"schema":{"@context":"https:\/\/schema.org","@graph":[{"@type":"WebPage","@id":"https:\/\/fredartwork.com\/digital\/a-propos\/","url":"https:\/\/fredartwork.com\/digital\/a-propos\/","name":"A propos - Fred Artwork","isPartOf":{"@id":"https:\/\/fredartwork.com\/digital\/#website"},"primaryImageOfPage":{"@id":"https:\/\/fredartwork.com\/digital\/a-propos\/#primaryimage"},"image":{"@id":"https:\/\/fredartwork.com\/digital\/a-propos\/#primaryimage"},"thumbnailUrl":"https:\/\/fredartwork.com\/digital\/wp-content\/uploads\/2023\/03\/Fred-Grossi-La-passion.jpg","datePublished":"2023-03-26T20:07:04+00:00","dateModified":"2025-03-04T18:22:55+00:00","description":"Fred Artwork propose un regard inspirant sur le monde qui nous entoure tout en distillant de la po\u00e9sie et de l\u2019esth\u00e9tisme dans ses compositions.","breadcrumb":{"@id":"https:\/\/fredartwork.com\/digital\/a-propos\/#breadcrumb"},"inLanguage":"fr-FR","potentialAction":[{"@type":"ReadAction","target":["https:\/\/fredartwork.com\/digital\/a-propos\/"]}]},{"@type":"ImageObject","inLanguage":"fr-FR","@id":"https:\/\/fredartwork.com\/digital\/a-propos\/#primaryimage","url":"https:\/\/fredartwork.com\/digital\/wp-content\/uploads\/2023\/03\/Fred-Grossi-La-passion.jpg","contentUrl":"https:\/\/fredartwork.com\/digital\/wp-content\/uploads\/2023\/03\/Fred-Grossi-La-passion.jpg","width":1024,"height":1024},{"@type":"BreadcrumbList","@id":"https:\/\/fredartwork.com\/digital\/a-propos\/#breadcrumb","itemListElement":[{"@type":"ListItem","position":1,"name":"Accueil","item":"https:\/\/fredartwork.com\/digital\/"},{"@type":"ListItem","position":2,"name":"A propos"}]},{"@type":"WebSite","@id":"https:\/\/fredartwork.com\/digital\/#website","url":"https:\/\/fredartwork.com\/digital\/","name":"Fred Grossi Artwork","description":"Digital Art in France","potentialAction":[{"@type":"SearchAction","target":{"@type":"EntryPoint","urlTemplate":"https:\/\/fredartwork.com\/digital\/?s={search_term_string}"},"query-input":{"@type":"PropertyValueSpecification","valueRequired":true,"valueName":"search_term_string"}}],"inLanguage":"fr-FR"}]}},"_links":{"self":[{"href":"https:\/\/fredartwork.com\/digital\/wp-json\/wp\/v2\/pages\/413","targetHints":{"allow":["GET"]}}],"collection":[{"href":"https:\/\/fredartwork.com\/digital\/wp-json\/wp\/v2\/pages"}],"about":[{"href":"https:\/\/fredartwork.com\/digital\/wp-json\/wp\/v2\/types\/page"}],"author":[{"embeddable":true,"href":"https:\/\/fredartwork.com\/digital\/wp-json\/wp\/v2\/users\/1"}],"replies":[{"embeddable":true,"href":"https:\/\/fredartwork.com\/digital\/wp-json\/wp\/v2\/comments?post=413"}],"version-history":[{"count":75,"href":"https:\/\/fredartwork.com\/digital\/wp-json\/wp\/v2\/pages\/413\/revisions"}],"predecessor-version":[{"id":1397,"href":"https:\/\/fredartwork.com\/digital\/wp-json\/wp\/v2\/pages\/413\/revisions\/1397"}],"wp:featuredmedia":[{"embeddable":true,"href":"https:\/\/fredartwork.com\/digital\/wp-json\/wp\/v2\/media\/817"}],"wp:attachment":[{"href":"https:\/\/fredartwork.com\/digital\/wp-json\/wp\/v2\/media?parent=413"}],"curies":[{"name":"wp","href":"https:\/\/api.w.org\/{rel}","templated":true}]}}