{"id":468,"date":"2023-03-27T10:12:56","date_gmt":"2023-03-27T08:12:56","guid":{"rendered":"https:\/\/fredartwork.com\/digital\/?page_id=468"},"modified":"2023-06-18T10:07:43","modified_gmt":"2023-06-18T08:07:43","slug":"lart-digital","status":"publish","type":"page","link":"https:\/\/fredartwork.com\/digital\/lart-digital\/","title":{"rendered":"L&rsquo;Art Digital"},"content":{"rendered":"<p>[et_pb_section fb_built=\u00a0\u00bb1&Prime; _builder_version=\u00a0\u00bb4.18.0&Prime; _module_preset=\u00a0\u00bbdefault\u00a0\u00bb custom_margin=\u00a0\u00bb0px||50px||false|false\u00a0\u00bb custom_padding=\u00a0\u00bb0px||0px||true|false\u00a0\u00bb global_colors_info=\u00a0\u00bb{}\u00a0\u00bb][et_pb_row column_structure=\u00a0\u00bb3_5,2_5&Prime; _builder_version=\u00a0\u00bb4.18.0&Prime; _module_preset=\u00a0\u00bbdefault\u00a0\u00bb max_width=\u00a0\u00bb1400px\u00a0\u00bb module_alignment=\u00a0\u00bbcenter\u00a0\u00bb custom_margin=\u00a0\u00bb||||false|false\u00a0\u00bb custom_padding=\u00a0\u00bb||||false|false\u00a0\u00bb animation_style=\u00a0\u00bbfade\u00a0\u00bb global_colors_info=\u00a0\u00bb{}\u00a0\u00bb][et_pb_column type=\u00a0\u00bb3_5&Prime; _builder_version=\u00a0\u00bb4.18.0&Prime; _module_preset=\u00a0\u00bbdefault\u00a0\u00bb global_colors_info=\u00a0\u00bb{}\u00a0\u00bb][et_pb_image src=\u00a0\u00bbhttps:\/\/fredartwork.com\/digital\/wp-content\/uploads\/2023\/03\/Fred-Grossi-26.jpg\u00a0\u00bb _builder_version=\u00a0\u00bb4.18.0&Prime; _module_preset=\u00a0\u00bbdefault\u00a0\u00bb global_colors_info=\u00a0\u00bb{}\u00a0\u00bb][\/et_pb_image][\/et_pb_column][et_pb_column type=\u00a0\u00bb2_5&Prime; _builder_version=\u00a0\u00bb4.18.0&Prime; _module_preset=\u00a0\u00bbdefault\u00a0\u00bb global_colors_info=\u00a0\u00bb{}\u00a0\u00bb][et_pb_text _builder_version=\u00a0\u00bb4.18.0&Prime; _module_preset=\u00a0\u00bbdefault\u00a0\u00bb text_font=\u00a0\u00bbNoto Sans|||||on|||\u00a0\u00bb text_font_size=\u00a0\u00bb18px\u00a0\u00bb text_letter_spacing=\u00a0\u00bb15px\u00a0\u00bb text_orientation=\u00a0\u00bbcenter\u00a0\u00bb custom_margin=\u00a0\u00bb0px||||false|false\u00a0\u00bb custom_padding=\u00a0\u00bb0px||||false|false\u00a0\u00bb text_letter_spacing_tablet=\u00a0\u00bb15px\u00a0\u00bb text_letter_spacing_phone=\u00a0\u00bb6px\u00a0\u00bb text_letter_spacing_last_edited=\u00a0\u00bbon|phone\u00a0\u00bb global_colors_info=\u00a0\u00bb{}\u00a0\u00bb]<\/p>\n<p style=\"text-align: center;\">l&rsquo;art digital<\/p>\n<p>[\/et_pb_text][et_pb_text _builder_version=\u00a0\u00bb4.18.0&Prime; _module_preset=\u00a0\u00bbdefault\u00a0\u00bb text_font=\u00a0\u00bbRoboto Condensed||||||||\u00a0\u00bb text_font_size=\u00a0\u00bb16px\u00a0\u00bb text_line_height=\u00a0\u00bb1.6em\u00a0\u00bb custom_margin=\u00a0\u00bb||||false|false\u00a0\u00bb custom_padding=\u00a0\u00bb||||false|false\u00a0\u00bb text_letter_spacing_tablet=\u00a0\u00bb15px\u00a0\u00bb text_letter_spacing_phone=\u00a0\u00bb6px\u00a0\u00bb text_letter_spacing_last_edited=\u00a0\u00bboff|desktop\u00a0\u00bb global_colors_info=\u00a0\u00bb{}\u00a0\u00bb]<\/p>\n<p>L&rsquo;art digital est un domaine relativement r\u00e9cent dans l&rsquo;histoire de l&rsquo;art, qui a commenc\u00e9 \u00e0 \u00e9merger dans les ann\u00e9es 1960 avec l&rsquo;av\u00e8nement de l&rsquo;informatique et des technologies num\u00e9riques. Cependant, l&rsquo;utilisation de la technologie dans l&rsquo;art remonte bien plus loin.<\/p>\n<p>Dans les ann\u00e9es 1950, les artistes ont commenc\u00e9 \u00e0 explorer les possibilit\u00e9s de la technologie pour cr\u00e9er des \u0153uvres d&rsquo;art, notamment avec l&rsquo;arriv\u00e9e de la photographie et de la vid\u00e9o. Dans les ann\u00e9es 1960, les ordinateurs ont commenc\u00e9 \u00e0 \u00eatre utilis\u00e9s pour cr\u00e9er des \u0153uvres d&rsquo;art \u00e0 l&rsquo;aide de logiciels sp\u00e9cialement con\u00e7us \u00e0 cet effet.<\/p>\n<p>Le premier ordinateur utilis\u00e9 pour cr\u00e9er une \u0153uvre d&rsquo;art a \u00e9t\u00e9 le Whirlwind I, un ordinateur cr\u00e9\u00e9 en 1951 pour le MIT. En 1963, le premier programme informatique utilis\u00e9 pour cr\u00e9er des graphismes a \u00e9t\u00e9 d\u00e9velopp\u00e9 par l&rsquo;artiste am\u00e9ricain Kenneth Knowlton, qui a cr\u00e9\u00e9 des images en utilisant des cartes perfor\u00e9es.<\/p>\n<p>Dans les ann\u00e9es 1970 et 1980, l&rsquo;utilisation de l&rsquo;informatique pour l&rsquo;art s&rsquo;est d\u00e9velopp\u00e9e avec l&rsquo;apparition de nouveaux logiciels de graphisme et d&rsquo;animation, comme le logiciel de dessin vectoriel Adobe Illustrator en 1987. Avec l&rsquo;expansion d&rsquo;Internet dans les ann\u00e9es 1990, les artistes ont commenc\u00e9 \u00e0 utiliser les r\u00e9seaux sociaux et les sites web pour pr\u00e9senter leurs \u0153uvres d&rsquo;art en ligne.<\/p>\n<p>Depuis lors, l&rsquo;art digital est devenu un domaine florissant, avec de nombreux artistes travaillant exclusivement dans ce domaine et de nombreuses expositions, festivals et galeries d&rsquo;art d\u00e9di\u00e9s \u00e0 l&rsquo;art num\u00e9rique.<\/p>\n<p>[\/et_pb_text][\/et_pb_column][\/et_pb_row][\/et_pb_section][et_pb_section fb_built=\u00a0\u00bb1&Prime; _builder_version=\u00a0\u00bb4.18.0&Prime; _module_preset=\u00a0\u00bbdefault\u00a0\u00bb custom_margin=\u00a0\u00bb0px||50px||false|false\u00a0\u00bb custom_padding=\u00a0\u00bb0px||0px||true|false\u00a0\u00bb global_colors_info=\u00a0\u00bb{}\u00a0\u00bb][et_pb_row column_structure=\u00a0\u00bb1_2,1_2&Prime; _builder_version=\u00a0\u00bb4.18.0&Prime; _module_preset=\u00a0\u00bbdefault\u00a0\u00bb max_width=\u00a0\u00bb1400px\u00a0\u00bb module_alignment=\u00a0\u00bbcenter\u00a0\u00bb custom_margin=\u00a0\u00bb||||false|false\u00a0\u00bb custom_padding=\u00a0\u00bb||||false|false\u00a0\u00bb animation_style=\u00a0\u00bbfade\u00a0\u00bb global_colors_info=\u00a0\u00bb{}\u00a0\u00bb][et_pb_column type=\u00a0\u00bb1_2&Prime; _builder_version=\u00a0\u00bb4.18.0&Prime; _module_preset=\u00a0\u00bbdefault\u00a0\u00bb global_colors_info=\u00a0\u00bb{}\u00a0\u00bb][et_pb_text _builder_version=\u00a0\u00bb4.18.0&Prime; _module_preset=\u00a0\u00bbdefault\u00a0\u00bb text_font=\u00a0\u00bbNoto Sans|||||on|||\u00a0\u00bb text_font_size=\u00a0\u00bb18px\u00a0\u00bb text_letter_spacing=\u00a0\u00bb15px\u00a0\u00bb text_orientation=\u00a0\u00bbcenter\u00a0\u00bb custom_margin=\u00a0\u00bb0px||||false|false\u00a0\u00bb custom_padding=\u00a0\u00bb0px||||false|false\u00a0\u00bb text_letter_spacing_tablet=\u00a0\u00bb15px\u00a0\u00bb text_letter_spacing_phone=\u00a0\u00bb6px\u00a0\u00bb text_letter_spacing_last_edited=\u00a0\u00bbon|phone\u00a0\u00bb global_colors_info=\u00a0\u00bb{}\u00a0\u00bb]<\/p>\n<p style=\"text-align: center;\">la peinture digitale<\/p>\n<p>[\/et_pb_text][et_pb_text _builder_version=\u00a0\u00bb4.18.0&Prime; _module_preset=\u00a0\u00bbdefault\u00a0\u00bb text_font=\u00a0\u00bbRoboto Condensed||||||||\u00a0\u00bb text_font_size=\u00a0\u00bb16px\u00a0\u00bb text_line_height=\u00a0\u00bb1.6em\u00a0\u00bb custom_margin=\u00a0\u00bb||||false|false\u00a0\u00bb custom_padding=\u00a0\u00bb||||false|false\u00a0\u00bb text_letter_spacing_tablet=\u00a0\u00bb15px\u00a0\u00bb text_letter_spacing_phone=\u00a0\u00bb6px\u00a0\u00bb text_letter_spacing_last_edited=\u00a0\u00bboff|desktop\u00a0\u00bb global_colors_info=\u00a0\u00bb{}\u00a0\u00bb]<\/p>\n<p>Contrairement \u00e0 la peinture traditionnelle, qui utilise des pinceaux et des pigments physiques, la peinture digitale offre aux artistes une palette d&rsquo;outils virtuels et une grande vari\u00e9t\u00e9 de techniques cr\u00e9atives.<\/p>\n<p>Voici quelques informations sur la peinture digitale :<\/p>\n<p>Les artistes utilisent g\u00e9n\u00e9ralement un logiciel de cr\u00e9ation graphique, comme Adobe Photoshop, Corel Painter, Procreate, Krita ou Clip Studio Paint, pour cr\u00e9er des peintures num\u00e9riques. Ils utilisent \u00e9galement des tablettes graphiques, qui sont des p\u00e9riph\u00e9riques d&rsquo;entr\u00e9e sensibles \u00e0 la pression, pour simuler la sensation de dessiner avec un crayon ou un pinceau.<\/p>\n<p>La peinture digitale offre de nombreux avantages par rapport \u00e0 la peinture traditionnelle. Elle permet une grande flexibilit\u00e9 et offre la possibilit\u00e9 de modifier et de corriger facilement les erreurs. Les couleurs peuvent \u00eatre m\u00e9lang\u00e9es et modifi\u00e9es instantan\u00e9ment, et les diff\u00e9rentes couches peuvent \u00eatre manipul\u00e9es individuellement. De plus, la peinture digitale ne n\u00e9cessite pas d&rsquo;espace de travail physique et offre la possibilit\u00e9 de sauvegarder et de partager facilement des \u0153uvres d&rsquo;art num\u00e9riques.<\/p>\n<p>Les techniques utilis\u00e9es en peinture digitale sont similaires \u00e0 celles de la peinture traditionnelle. Les artistes utilisent des pinceaux virtuels pour appliquer des couleurs, cr\u00e9er des textures et des effets de lumi\u00e8re et d&rsquo;ombre. Ils peuvent \u00e9galement utiliser des outils de m\u00e9lange pour obtenir des transitions douces entre les couleurs. Certains artistes utilisent \u00e9galement des techniques de peinture traditionnelle, comme l&rsquo;aquarelle ou l&rsquo;huile, en les simulant avec des brosses virtuelles.<\/p>\n<p>La peinture digitale offre une grande vari\u00e9t\u00e9 de styles et de possibilit\u00e9s cr\u00e9atives. Les artistes peuvent cr\u00e9er des \u0153uvres d&rsquo;art r\u00e9alistes, abstraites, fantastiques ou stylis\u00e9es. Ils peuvent exp\u00e9rimenter avec des effets sp\u00e9ciaux, des compositions complexes, des textures vari\u00e9es et des techniques de peinture uniques. De plus, la peinture digitale permet d&rsquo;explorer des m\u00e9diums mixtes en combinant des \u00e9l\u00e9ments de dessin, de peinture et de photographie dans une m\u00eame \u0153uvre.<\/p>\n<p>La peinture digitale est devenue de plus en plus populaire aupr\u00e8s des artistes, des illustrateurs, des concepteurs graphiques et des amateurs d&rsquo;art num\u00e9rique. Elle est utilis\u00e9e dans de nombreux domaines tels que l&rsquo;illustration, la bande dessin\u00e9e, l&rsquo;animation, le design de jeux vid\u00e9o et la conception de personnages. Les artistes peuvent \u00e9galement vendre leurs \u0153uvres d&rsquo;art num\u00e9riques en ligne, les imprimer sur des supports physiques ou les utiliser dans des projets multim\u00e9dias.<\/p>\n<p>[\/et_pb_text][\/et_pb_column][et_pb_column type=\u00a0\u00bb1_2&Prime; _builder_version=\u00a0\u00bb4.18.0&Prime; _module_preset=\u00a0\u00bbdefault\u00a0\u00bb global_colors_info=\u00a0\u00bb{}\u00a0\u00bb][et_pb_image src=\u00a0\u00bbhttps:\/\/fredartwork.com\/digital\/wp-content\/uploads\/2023\/06\/Fred-Grossi-apparition.jpg\u00a0\u00bb _builder_version=\u00a0\u00bb4.18.0&Prime; _module_preset=\u00a0\u00bbdefault\u00a0\u00bb hover_enabled=\u00a0\u00bb0&Prime; global_colors_info=\u00a0\u00bb{}\u00a0\u00bb sticky_enabled=\u00a0\u00bb0&Prime;][\/et_pb_image][\/et_pb_column][\/et_pb_row][\/et_pb_section]<\/p>\n","protected":false},"excerpt":{"rendered":"<p>l&rsquo;art digitalL&rsquo;art digital est un domaine relativement r\u00e9cent dans l&rsquo;histoire de l&rsquo;art, qui a commenc\u00e9 \u00e0 \u00e9merger dans les ann\u00e9es 1960 avec l&rsquo;av\u00e8nement de l&rsquo;informatique et des technologies num\u00e9riques. Cependant, l&rsquo;utilisation de la technologie dans l&rsquo;art remonte bien plus loin. Dans les ann\u00e9es 1950, les artistes ont commenc\u00e9 \u00e0 explorer les possibilit\u00e9s de la technologie [&hellip;]<\/p>\n","protected":false},"author":1,"featured_media":896,"parent":0,"menu_order":0,"comment_status":"closed","ping_status":"closed","template":"","meta":{"_et_pb_use_builder":"on","_et_pb_old_content":"","_et_gb_content_width":"","footnotes":""},"class_list":["post-468","page","type-page","status-publish","has-post-thumbnail","hentry"],"yoast_head":"<title>L&#039;Art Digital - Fred Artwork<\/title>\n<meta name=\"description\" content=\"L\u2019art digital est un domaine relativement r\u00e9cent dans l\u2019histoire de l\u2019art, qui a commenc\u00e9 \u00e0 \u00e9merger dans les ann\u00e9es 1960...\" \/>\n<meta name=\"robots\" content=\"index, follow, max-snippet:-1, max-image-preview:large, max-video-preview:-1\" \/>\n<link rel=\"canonical\" href=\"https:\/\/fredartwork.com\/digital\/lart-digital\/\" \/>\n<meta property=\"og:locale\" content=\"fr_FR\" \/>\n<meta property=\"og:type\" content=\"article\" \/>\n<meta property=\"og:title\" content=\"L&#039;Art Digital - Fred Artwork\" \/>\n<meta property=\"og:description\" content=\"L\u2019art digital est un domaine relativement r\u00e9cent dans l\u2019histoire de l\u2019art, qui a commenc\u00e9 \u00e0 \u00e9merger dans les ann\u00e9es 1960...\" \/>\n<meta property=\"og:url\" content=\"https:\/\/fredartwork.com\/digital\/lart-digital\/\" \/>\n<meta property=\"og:site_name\" content=\"Fred Artwork\" \/>\n<meta property=\"article:modified_time\" content=\"2023-06-18T08:07:43+00:00\" \/>\n<meta property=\"og:image\" content=\"https:\/\/fredartwork.com\/digital\/wp-content\/uploads\/2023\/03\/Fred-Grossi-26.jpg\" \/>\n\t<meta property=\"og:image:width\" content=\"1024\" \/>\n\t<meta property=\"og:image:height\" content=\"1024\" \/>\n\t<meta property=\"og:image:type\" content=\"image\/jpeg\" \/>\n<meta name=\"twitter:card\" content=\"summary_large_image\" \/>\n<meta name=\"twitter:label1\" content=\"Dur\u00e9e de lecture estim\u00e9e\" \/>\n\t<meta name=\"twitter:data1\" content=\"4 minutes\" \/>\n<script type=\"application\/ld+json\" class=\"yoast-schema-graph\">{\"@context\":\"https:\\\/\\\/schema.org\",\"@graph\":[{\"@type\":\"WebPage\",\"@id\":\"https:\\\/\\\/fredartwork.com\\\/digital\\\/lart-digital\\\/\",\"url\":\"https:\\\/\\\/fredartwork.com\\\/digital\\\/lart-digital\\\/\",\"name\":\"L'Art Digital - Fred Artwork\",\"isPartOf\":{\"@id\":\"https:\\\/\\\/fredartwork.com\\\/digital\\\/#website\"},\"primaryImageOfPage\":{\"@id\":\"https:\\\/\\\/fredartwork.com\\\/digital\\\/lart-digital\\\/#primaryimage\"},\"image\":{\"@id\":\"https:\\\/\\\/fredartwork.com\\\/digital\\\/lart-digital\\\/#primaryimage\"},\"thumbnailUrl\":\"https:\\\/\\\/fredartwork.com\\\/digital\\\/wp-content\\\/uploads\\\/2023\\\/03\\\/Fred-Grossi-26.jpg\",\"datePublished\":\"2023-03-27T08:12:56+00:00\",\"dateModified\":\"2023-06-18T08:07:43+00:00\",\"description\":\"L\u2019art digital est un domaine relativement r\u00e9cent dans l\u2019histoire de l\u2019art, qui a commenc\u00e9 \u00e0 \u00e9merger dans les ann\u00e9es 1960...\",\"breadcrumb\":{\"@id\":\"https:\\\/\\\/fredartwork.com\\\/digital\\\/lart-digital\\\/#breadcrumb\"},\"inLanguage\":\"fr-FR\",\"potentialAction\":[{\"@type\":\"ReadAction\",\"target\":[\"https:\\\/\\\/fredartwork.com\\\/digital\\\/lart-digital\\\/\"]}]},{\"@type\":\"ImageObject\",\"inLanguage\":\"fr-FR\",\"@id\":\"https:\\\/\\\/fredartwork.com\\\/digital\\\/lart-digital\\\/#primaryimage\",\"url\":\"https:\\\/\\\/fredartwork.com\\\/digital\\\/wp-content\\\/uploads\\\/2023\\\/03\\\/Fred-Grossi-26.jpg\",\"contentUrl\":\"https:\\\/\\\/fredartwork.com\\\/digital\\\/wp-content\\\/uploads\\\/2023\\\/03\\\/Fred-Grossi-26.jpg\",\"width\":1024,\"height\":1024},{\"@type\":\"BreadcrumbList\",\"@id\":\"https:\\\/\\\/fredartwork.com\\\/digital\\\/lart-digital\\\/#breadcrumb\",\"itemListElement\":[{\"@type\":\"ListItem\",\"position\":1,\"name\":\"Accueil\",\"item\":\"https:\\\/\\\/fredartwork.com\\\/digital\\\/\"},{\"@type\":\"ListItem\",\"position\":2,\"name\":\"L&rsquo;Art Digital\"}]},{\"@type\":\"WebSite\",\"@id\":\"https:\\\/\\\/fredartwork.com\\\/digital\\\/#website\",\"url\":\"https:\\\/\\\/fredartwork.com\\\/digital\\\/\",\"name\":\"Fred Grossi Artwork\",\"description\":\"Digital Art in France\",\"potentialAction\":[{\"@type\":\"SearchAction\",\"target\":{\"@type\":\"EntryPoint\",\"urlTemplate\":\"https:\\\/\\\/fredartwork.com\\\/digital\\\/?s={search_term_string}\"},\"query-input\":{\"@type\":\"PropertyValueSpecification\",\"valueRequired\":true,\"valueName\":\"search_term_string\"}}],\"inLanguage\":\"fr-FR\"}]}<\/script>","yoast_head_json":{"title":"L'Art Digital - Fred Artwork","description":"L\u2019art digital est un domaine relativement r\u00e9cent dans l\u2019histoire de l\u2019art, qui a commenc\u00e9 \u00e0 \u00e9merger dans les ann\u00e9es 1960...","robots":{"index":"index","follow":"follow","max-snippet":"max-snippet:-1","max-image-preview":"max-image-preview:large","max-video-preview":"max-video-preview:-1"},"canonical":"https:\/\/fredartwork.com\/digital\/lart-digital\/","og_locale":"fr_FR","og_type":"article","og_title":"L'Art Digital - Fred Artwork","og_description":"L\u2019art digital est un domaine relativement r\u00e9cent dans l\u2019histoire de l\u2019art, qui a commenc\u00e9 \u00e0 \u00e9merger dans les ann\u00e9es 1960...","og_url":"https:\/\/fredartwork.com\/digital\/lart-digital\/","og_site_name":"Fred Artwork","article_modified_time":"2023-06-18T08:07:43+00:00","og_image":[{"width":1024,"height":1024,"url":"https:\/\/fredartwork.com\/digital\/wp-content\/uploads\/2023\/03\/Fred-Grossi-26.jpg","type":"image\/jpeg"}],"twitter_card":"summary_large_image","twitter_misc":{"Dur\u00e9e de lecture estim\u00e9e":"4 minutes"},"schema":{"@context":"https:\/\/schema.org","@graph":[{"@type":"WebPage","@id":"https:\/\/fredartwork.com\/digital\/lart-digital\/","url":"https:\/\/fredartwork.com\/digital\/lart-digital\/","name":"L'Art Digital - Fred Artwork","isPartOf":{"@id":"https:\/\/fredartwork.com\/digital\/#website"},"primaryImageOfPage":{"@id":"https:\/\/fredartwork.com\/digital\/lart-digital\/#primaryimage"},"image":{"@id":"https:\/\/fredartwork.com\/digital\/lart-digital\/#primaryimage"},"thumbnailUrl":"https:\/\/fredartwork.com\/digital\/wp-content\/uploads\/2023\/03\/Fred-Grossi-26.jpg","datePublished":"2023-03-27T08:12:56+00:00","dateModified":"2023-06-18T08:07:43+00:00","description":"L\u2019art digital est un domaine relativement r\u00e9cent dans l\u2019histoire de l\u2019art, qui a commenc\u00e9 \u00e0 \u00e9merger dans les ann\u00e9es 1960...","breadcrumb":{"@id":"https:\/\/fredartwork.com\/digital\/lart-digital\/#breadcrumb"},"inLanguage":"fr-FR","potentialAction":[{"@type":"ReadAction","target":["https:\/\/fredartwork.com\/digital\/lart-digital\/"]}]},{"@type":"ImageObject","inLanguage":"fr-FR","@id":"https:\/\/fredartwork.com\/digital\/lart-digital\/#primaryimage","url":"https:\/\/fredartwork.com\/digital\/wp-content\/uploads\/2023\/03\/Fred-Grossi-26.jpg","contentUrl":"https:\/\/fredartwork.com\/digital\/wp-content\/uploads\/2023\/03\/Fred-Grossi-26.jpg","width":1024,"height":1024},{"@type":"BreadcrumbList","@id":"https:\/\/fredartwork.com\/digital\/lart-digital\/#breadcrumb","itemListElement":[{"@type":"ListItem","position":1,"name":"Accueil","item":"https:\/\/fredartwork.com\/digital\/"},{"@type":"ListItem","position":2,"name":"L&rsquo;Art Digital"}]},{"@type":"WebSite","@id":"https:\/\/fredartwork.com\/digital\/#website","url":"https:\/\/fredartwork.com\/digital\/","name":"Fred Grossi Artwork","description":"Digital Art in France","potentialAction":[{"@type":"SearchAction","target":{"@type":"EntryPoint","urlTemplate":"https:\/\/fredartwork.com\/digital\/?s={search_term_string}"},"query-input":{"@type":"PropertyValueSpecification","valueRequired":true,"valueName":"search_term_string"}}],"inLanguage":"fr-FR"}]}},"_links":{"self":[{"href":"https:\/\/fredartwork.com\/digital\/wp-json\/wp\/v2\/pages\/468","targetHints":{"allow":["GET"]}}],"collection":[{"href":"https:\/\/fredartwork.com\/digital\/wp-json\/wp\/v2\/pages"}],"about":[{"href":"https:\/\/fredartwork.com\/digital\/wp-json\/wp\/v2\/types\/page"}],"author":[{"embeddable":true,"href":"https:\/\/fredartwork.com\/digital\/wp-json\/wp\/v2\/users\/1"}],"replies":[{"embeddable":true,"href":"https:\/\/fredartwork.com\/digital\/wp-json\/wp\/v2\/comments?post=468"}],"version-history":[{"count":12,"href":"https:\/\/fredartwork.com\/digital\/wp-json\/wp\/v2\/pages\/468\/revisions"}],"predecessor-version":[{"id":1347,"href":"https:\/\/fredartwork.com\/digital\/wp-json\/wp\/v2\/pages\/468\/revisions\/1347"}],"wp:featuredmedia":[{"embeddable":true,"href":"https:\/\/fredartwork.com\/digital\/wp-json\/wp\/v2\/media\/896"}],"wp:attachment":[{"href":"https:\/\/fredartwork.com\/digital\/wp-json\/wp\/v2\/media?parent=468"}],"curies":[{"name":"wp","href":"https:\/\/api.w.org\/{rel}","templated":true}]}}